{"id":268,"date":"2017-03-09T10:37:56","date_gmt":"2017-03-09T09:37:56","guid":{"rendered":"http:\/\/projects.nib.si\/qentrysi\/?page_id=268"},"modified":"2022-11-28T17:26:49","modified_gmt":"2022-11-28T16:26:49","slug":"events-2","status":"publish","type":"page","link":"https:\/\/projects.nib.si\/qentrysi\/events-2\/","title":{"rendered":"Novice in dogodki"},"content":{"rendered":"<hr \/>\n<p><em><span style=\"color: #006666\"><strong><span style=\"color: #808080\"><a style=\"color: #808080\" href=\"http:\/\/projects.nib.si\/qentrysi\/2022\/11\/28\/partnerji-projekta-smo-sodelovali-na-sestanku-euphresco-projecta-tephrifade\/\" target=\"_blank\">Partnerji projekta KGZ NIB in NIB smo sodelovali na sestanku Euphresco projekta TephriFade, 28. november 2022<\/a><\/span><\/strong><br \/>\n<\/span><\/em><\/p>\n<hr \/>\n<p><em><span style=\"color: #006666\">Partner Gozdarski in\u0161titut Slovenije je rezultate, deloma pridobljene v okviru projekta Q-Entry, predstavljal na delavnici EU referen\u010dnega laboratorija za glive in oomicete, 4. maj 2022<br \/>\n<\/span><\/em><\/p>\n<p style=\"padding-left: 30px\">DEVETAK, Zina, CVELBAR, Ta\u0161ja, KAV\u010cI\u010c, Andreja, PI\u0160KUR, Barbara. Validation and implementation of the end point PCR for detection of <em>Geosmithia morbida<\/em> directly from wood (Juglans spp.): presented at the Third EURL on fungi and oomycetes workshop, 4th May 2022 \u2013 Malz\u00e9ville (Nancy), France. [COBISS.SI-ID 109241603].<\/p>\n<hr \/>\n<p><em><span style=\"color: #006666\">Projekt Q-Entry in njegove rezultate smo predstavljali na 15. slovenskem posvetovanju o varstvu rastlin, 1.-2. marec, 2022<br \/>\n<\/span><\/em><\/p>\n<p><a href=\"https:\/\/dvrs.bf.uni-lj.si\/\" rel=\"attachment wp-att-415\"><img loading=\"lazy\" decoding=\"async\" data-attachment-id=\"415\" data-permalink=\"https:\/\/projects.nib.si\/qentrysi\/events-2\/dvrs_logo\/\" data-orig-file=\"https:\/\/projects.nib.si\/qentrysi\/wp-content\/uploads\/sites\/28\/2022\/11\/DVRS_logo.png\" data-orig-size=\"577,236\" data-comments-opened=\"1\" data-image-meta=\"{&quot;aperture&quot;:&quot;0&quot;,&quot;credit&quot;:&quot;&quot;,&quot;camera&quot;:&quot;&quot;,&quot;caption&quot;:&quot;&quot;,&quot;created_timestamp&quot;:&quot;0&quot;,&quot;copyright&quot;:&quot;&quot;,&quot;focal_length&quot;:&quot;0&quot;,&quot;iso&quot;:&quot;0&quot;,&quot;shutter_speed&quot;:&quot;0&quot;,&quot;title&quot;:&quot;&quot;,&quot;orientation&quot;:&quot;0&quot;}\" data-image-title=\"DVRS_logo\" data-image-description=\"\" data-image-caption=\"\" data-medium-file=\"https:\/\/projects.nib.si\/qentrysi\/wp-content\/uploads\/sites\/28\/2022\/11\/DVRS_logo-300x123.png\" data-large-file=\"https:\/\/projects.nib.si\/qentrysi\/wp-content\/uploads\/sites\/28\/2022\/11\/DVRS_logo.png\" class=\"alignnone size-medium wp-image-415\" src=\"http:\/\/projects.nib.si\/qentrysi\/wp-content\/uploads\/sites\/28\/2022\/11\/DVRS_logo-300x123.png\" alt=\"DVRS_logo\" width=\"300\" height=\"123\" srcset=\"https:\/\/projects.nib.si\/qentrysi\/wp-content\/uploads\/sites\/28\/2022\/11\/DVRS_logo-300x123.png 300w, https:\/\/projects.nib.si\/qentrysi\/wp-content\/uploads\/sites\/28\/2022\/11\/DVRS_logo.png 577w\" sizes=\"auto, (max-width: 300px) 100vw, 300px\" \/><\/a><\/p>\n<p>Partnerji projekta smo se udele\u017eili 15. Posvetovanja o varstvu rastlin z mednarodno udele\u017ebo, ki je potekalo 1. in 2. marca 2022 v Portoro\u017eu. Na posvetovanju smo predstavljali tudi projekt Q-Entry in nekatere rezultate pridobljene v okviru projekta.<\/p>\n<p style=\"padding-left: 30px\">DREO, Tanja, MAVRI\u010c PLE\u0160KO, Irena, PI\u0160KUR, Barbara, ROT, Mojca, BOHINC, Tanja, ALI\u010c, \u0160pela, TRDAN, Stanislav. Ciljni raziskovalni projekt QEntry &#8211; Vpeljava hitrih testov za identifikacijo karantenskih \u0161kodljivih organizmov, povzro\u010diteljev bolezni in po\u0161kodb na rastlinah = Targeted research project Q-ENTRY &#8211; Introduction of rapid tests to identify quarantine pests and pathogens harmful to plants. V: TRDAN, Stanislav (ur.). 15. slovensko posvetovanje o varstvu rastlin z mednarodno udele\u017ebo : izvle\u010dki referatov = 15th Slovenian conference on plant protection with international participation : abstract volume : 1.-2. marec 2022, Portoro\u017e, Slovenija. Ljubljana: Dru\u0161tvo za varstvo rastlin Slovenije: = Plant Protection Society of Slovenia. 2022, str. 151-152. [COBISS.SI-ID 99668227].<\/p>\n<p style=\"padding-left: 30px\">KAV\u010cI\u010c, Andreja, CVELBAR, Ta\u0161ja, DEVETAK, Zina, OGRIS, Nikica, PI\u0160KUR, Barbara. Su\u0161enje orehov : iskanje vzrokov in verifikacija molekularne metode za dolo\u010danje <em>Geosmithia morbida<\/em> v razli\u010dnih tipih vzorcev = Dieback of walnuts : searching of its causes and the verification of a molecular method for the detection of <em>Geosmithia morbida<\/em> in different types of samples. V: TRDAN, Stanislav (ur.). 15. slovensko posvetovanje o varstvu rastlin z mednarodno udele\u017ebo : izvle\u010dki referatov = 15th Slovenian conference on plant protection with international participation : abstract volume : 1.-2. marec 2022, Portoro\u017e, Slovenija. Ljubljana: Dru\u0161tvo za varstvo rastlin Slovenije: = Plant Protection Society of Slovenia. 2022, str. 92-93. [COBISS.SI-ID 99522307].<\/p>\n<hr \/>\n<p><em><span style=\"color: #006666\">Bibliografski rezultati projekta v letu 2021<\/span><\/em><\/p>\n<p>V letu 2021 smo o rezultatih projekta poro\u010dali v poglavju monografije iz serije Springer Protocols, Methods in Molecular Biology book. Pripravili smo opis izvedbe testa LAMP za dolo\u010danje bakterije <em>Ralstonia solanacearum<\/em> (kompleks vrst; Pirc et al., 2021). Ravno tako v letu 2021 smo na mednarodni konferenci Entomology 2021, ki jo organizira Entomological Society of America, v obliki plakata pripravili predstavitev pregleda\u00a0 inventarizacije) testov LAMP in projekta (Ali\u010d in Dreo, 2021).<\/p>\n<p style=\"padding-left: 30px\"><a href=\"https:\/\/link.springer.com\/protocol\/10.1007\/978-1-0716-1609-3_20\" target=\"_blank\">Pirc M., Ali\u010d \u0160., Dreo T. (2021) Rapid Loop-Mediated Isothermal Amplification for Detection of the <em>Ralstonia solanacearum<\/em> Species Complex Bacteria in Symptomatic Potato Tubers and Plants. In: Dobnik D., Gruden K., Ram\u0161ak \u017d., Coll A. (eds) <em>Solanum tuberosum<\/em>. Methods in Molecular Biology, vol 2354. Humana, New York, NY. https:\/\/doi.org\/10.1007\/978-1-0716-1609-3_20.<\/a><\/p>\n<p style=\"padding-left: 30px\">Ali\u010d \u0160., Dreo T. (2021) Loop mediated isothermal amplification (LAMP) for identification and detections of insects. In: Annual Conference of the Entomological Society of America, Entomology 2021.<\/p>\n<hr \/>\n<p>&nbsp;<\/p>\n<p><em><span style=\"color: #006666\">Partnerja KGZ NG in NIB sta sodelovala pri pripravi Euphresco projekta TEPHRIFADE<br \/>\n<\/span><\/em><\/p>\n<p>Partnerja KGZ NG in NIB sta se pridru\u017eila Euphresco projektu 2021-A-373, Fast Detection Methods for Quarantine Tephritidae (TEPHRIFADE)., ki ima s projektom Q-Entry sinergisti\u010dne vsebine.<\/p>\n<hr \/>\n<p>&nbsp;<\/p>\n<p><em><span style=\"color: #006666\">Uvodni sestanek projekta, 8.12.2020<br \/>\n<\/span><\/em><\/p>\n<p>Na uvodnem sestanku, ki je potekalpreko spleta 8.12.2020 in so se ga udeleZili predstavniki projektnih partnerjev smo podrobneje nadrtovali delo in prou\u010dili pri\u010dakovane vplive epidemije koronovirusa na potek dela. Oblikovali smo logotip projekta ter postavili spletne strani projekta.<\/p>\n<div id=\"attachment_337\" style=\"width: 310px\" class=\"wp-caption alignnone\"><a href=\"http:\/\/projects.nib.si\/qentrysi\/wp-content\/uploads\/sites\/28\/2020\/11\/cropped-Logo_QEntry_blue-e1604575484380.png\" rel=\"attachment wp-att-337\"><img loading=\"lazy\" decoding=\"async\" aria-describedby=\"caption-attachment-337\" data-attachment-id=\"337\" data-permalink=\"https:\/\/projects.nib.si\/qentrysi\/events-2\/cropped-logo_qentry_blue-e1604575484380-png\/\" data-orig-file=\"https:\/\/projects.nib.si\/qentrysi\/wp-content\/uploads\/sites\/28\/2020\/11\/cropped-Logo_QEntry_blue-e1604575484380.png\" data-orig-size=\"517,276\" data-comments-opened=\"1\" data-image-meta=\"{&quot;aperture&quot;:&quot;0&quot;,&quot;credit&quot;:&quot;&quot;,&quot;camera&quot;:&quot;&quot;,&quot;caption&quot;:&quot;&quot;,&quot;created_timestamp&quot;:&quot;0&quot;,&quot;copyright&quot;:&quot;&quot;,&quot;focal_length&quot;:&quot;0&quot;,&quot;iso&quot;:&quot;0&quot;,&quot;shutter_speed&quot;:&quot;0&quot;,&quot;title&quot;:&quot;&quot;,&quot;orientation&quot;:&quot;0&quot;}\" data-image-title=\"cropped-Logo_QEntry_blue-e1604575484380.png\" data-image-description=\"\" data-image-caption=\"\" data-medium-file=\"https:\/\/projects.nib.si\/qentrysi\/wp-content\/uploads\/sites\/28\/2020\/11\/cropped-Logo_QEntry_blue-e1604575484380-300x160.png\" data-large-file=\"https:\/\/projects.nib.si\/qentrysi\/wp-content\/uploads\/sites\/28\/2020\/11\/cropped-Logo_QEntry_blue-e1604575484380.png\" class=\"wp-image-337 size-medium\" src=\"http:\/\/projects.nib.si\/qentrysi\/wp-content\/uploads\/sites\/28\/2020\/11\/cropped-Logo_QEntry_blue-e1604575484380-300x160.png\" alt=\"cropped-Logo_QEntry_blue-e1604575484380.png\" width=\"300\" height=\"160\" srcset=\"https:\/\/projects.nib.si\/qentrysi\/wp-content\/uploads\/sites\/28\/2020\/11\/cropped-Logo_QEntry_blue-e1604575484380-300x160.png 300w, https:\/\/projects.nib.si\/qentrysi\/wp-content\/uploads\/sites\/28\/2020\/11\/cropped-Logo_QEntry_blue-e1604575484380.png 517w\" sizes=\"auto, (max-width: 300px) 100vw, 300px\" \/><\/a><p id=\"caption-attachment-337\" class=\"wp-caption-text\">Logotip projekta. Stilizirana \u010drka Q ozna\u010duje karantenske \u0161kodljive organizme, medtem ko &#8216;entry&#8217; pomeni vstop. Uporabljen je angle\u0161ki izraz, ker je osnovni cilj projekta prepre\u010devati vnos karantenskih \u0161kodljivcev iz tujine v Slovenijo.<\/p><\/div>\n","protected":false},"excerpt":{"rendered":"<p>Partnerji projekta KGZ NIB in NIB smo sodelovali na sestanku Euphresco projekta TephriFade, 28. november 2022 Partner Gozdarski in\u0161titut Slovenije je rezultate, deloma pridobljene v okviru projekta Q-Entry, predstavljal na delavnici EU referen\u010dnega laboratorija za glive in oomicete, 4. maj 2022 DEVETAK, Zina, CVELBAR, Ta\u0161ja, KAV\u010cI\u010c, Andreja, PI\u0160KUR, Barbara. Validation and implementation of the end [&hellip;]<\/p>\n","protected":false},"author":16,"featured_media":0,"parent":0,"menu_order":7,"comment_status":"closed","ping_status":"closed","template":"","meta":{"jetpack_post_was_ever_published":false,"footnotes":""},"class_list":["post-268","page","type-page","status-publish","hentry"],"jetpack_sharing_enabled":true,"jetpack_shortlink":"https:\/\/wp.me\/P7OqMV-4k","jetpack-related-posts":[],"_links":{"self":[{"href":"https:\/\/projects.nib.si\/qentrysi\/wp-json\/wp\/v2\/pages\/268","targetHints":{"allow":["GET"]}}],"collection":[{"href":"https:\/\/projects.nib.si\/qentrysi\/wp-json\/wp\/v2\/pages"}],"about":[{"href":"https:\/\/projects.nib.si\/qentrysi\/wp-json\/wp\/v2\/types\/page"}],"author":[{"embeddable":true,"href":"https:\/\/projects.nib.si\/qentrysi\/wp-json\/wp\/v2\/users\/16"}],"replies":[{"embeddable":true,"href":"https:\/\/projects.nib.si\/qentrysi\/wp-json\/wp\/v2\/comments?post=268"}],"version-history":[{"count":32,"href":"https:\/\/projects.nib.si\/qentrysi\/wp-json\/wp\/v2\/pages\/268\/revisions"}],"predecessor-version":[{"id":444,"href":"https:\/\/projects.nib.si\/qentrysi\/wp-json\/wp\/v2\/pages\/268\/revisions\/444"}],"wp:attachment":[{"href":"https:\/\/projects.nib.si\/qentrysi\/wp-json\/wp\/v2\/media?parent=268"}],"curies":[{"name":"wp","href":"https:\/\/api.w.org\/{rel}","templated":true}]}}