{"id":30,"date":"2016-04-05T22:13:00","date_gmt":"2016-04-05T22:13:00","guid":{"rendered":"http:\/\/projects.nib.si\/redox\/?page_id=30"},"modified":"2022-12-15T12:56:29","modified_gmt":"2022-12-15T11:56:29","slug":"references","status":"publish","type":"page","link":"https:\/\/projects.nib.si\/redox\/references\/","title":{"rendered":"Related publications"},"content":{"rendered":"<p>LUKAN, Tja\u0161a, \u017dUPANI\u010c, An\u017ee, MAHKOVEC POVALEJ, Tja\u0161a, BRUNKARD, Jacob O., KMETI\u010c, Mirjam, JUTER\u0160EK, Mojca, BAEBLER, \u0160pela, GRUDEN, Kristina. Chloroplast redox state changes mark cell-to-cell signaling in the hypersensitive response.\u00a0<i>The new phytologist<\/i>. 2022, str. 1-15, &lt;v tisku&gt;, ilustr. ISSN 1469-8137.\u00a0<a href=\"https:\/\/nph.onlinelibrary.wiley.com\/doi\/full\/10.1111\/nph.18425\" target=\"_blank\">https:\/\/nph.onlinelibrary.wiley.com\/doi\/full\/10.1111\/nph.18425<\/a>, DOI:\u00a0<a href=\"https:\/\/dx.doi.org\/10.1111\/nph.18425\" target=\"_blank\">10.1111\/nph.18425<\/a>. [COBISS.SI-ID\u00a0<a href=\"https:\/\/plus.cobiss.net\/cobiss\/si\/sl\/bib\/121824771\" target=\"_blank\">121824771<\/a>]<\/p>\n<p>LUKAN, Tja\u0161a, COLL RIUS, Anna. Intertwined roles of reactive oxygen species and salicylic acid signaling are crucial for the plant response to biotic stress.\u00a0<i>International journal of molecular sciences<\/i>. May 2022, vol. 23, iss. 10, [1]-14, ilustr. ISSN 1422-0067.\u00a0<a href=\"https:\/\/doi.org\/10.3390\/ijms23105568\" target=\"_blank\">https:\/\/doi.org\/10.3390\/ijms23105568<\/a>, DOI:\u00a0<a href=\"https:\/\/dx.doi.org\/10.3390\/ijms23105568\" target=\"_blank\">10.3390\/ijms23105568<\/a>. [COBISS.SI-ID\u00a0<a href=\"https:\/\/plus.cobiss.net\/cobiss\/si\/sl\/bib\/108359683\" target=\"_blank\">108359683<\/a>]<\/p>\n<div id=\"rec4\" class=\"rec\">BITTNER, Andras, CIE\u015aLA, Agata, GRUDEN, Kristina, LUKAN, Tja\u0161a, MAHMUD, Sakil, TEIGE, Markus, VOTHKNECHT, Ute, WURZINGER, Bernhard. Organelles and phytohormones : a network network of interactions in plant stress responses.\u00a0<i>Journal of experimental botany<\/i>. Nov. 2022, vol. 73, iss. 21, str. 7165\u20137181, ilustr. ISSN 1460-2431.\u00a0<a href=\"https:\/\/academic.oup.com\/jxb\/advance-article\/doi\/10.1093\/jxb\/erac384\/6726215\" target=\"_blank\">https:\/\/academic.oup.com\/jxb\/advance-article\/doi\/10.1093\/jxb\/erac384\/6726215<\/a>, DOI:\u00a0<a href=\"https:\/\/dx.doi.org\/10.1093\/jxb\/erac384\" target=\"_blank\">10.1093\/jxb\/erac384<\/a>. [COBISS.SI-ID\u00a0<a href=\"https:\/\/plus.cobiss.net\/cobiss\/si\/sl\/bib\/124789763\" target=\"_blank\">124789763<\/a>]<\/div>\n<p>&nbsp;<\/p>\n<p>LUKAN, Tja\u0161a, COLL RIUS, Anna, BAEBLER, \u0160pela, GRUDEN, Kristina. Analysis of virus spread around the cell death zone at spatiotemporal resolution using confocal microscopy. V: KLEMEN\u010cI\u010c, Marina (ur.), STAEL, Simon (ur.), HUESGEN, Pitter F. (ur.).\u00a0<i>Plant proteases and plant cell death : methods and protocols<\/i>. New York: Humana Press: Springer, cop. 2022. Str. 261-270, ilustr. Methods in molecular biology (Clifton, N.J. Online), vol. 2447. ISBN 978-1-0716-2079-3. ISSN 1940-6029.\u00a0<a href=\"https:\/\/link.springer.com\/protocol\/10.1007\/978-1-0716-2079-3_21\" target=\"_blank\">https:\/\/link.springer.com\/protocol\/10.1007\/978-1-0716-2079-3_21<\/a>, DOI:\u00a0<a href=\"https:\/\/dx.doi.org\/10.1007\/978-1-0716-2079-3_21\" target=\"_blank\">10.1007\/978-1-0716-2079-3_21<\/a>. [COBISS.SI-ID\u00a0<a href=\"https:\/\/plus.cobiss.net\/cobiss\/si\/sl\/bib\/108976387\" target=\"_blank\">108976387<\/a>]<\/p>\n<p>CEROV\u0160EK, Ciril.\u00a0<i>Spremljanje redoks stanja v kloroplastih rastlin krompirja po izra\u017eanju gena za flavodoksin : diplomsko delo = Following chloroplast redox state in potato after flavodoxin expression : B. Sc. thesis<\/i>. Ljubljana: [C. Cerov\u0161ek], 2022. 1 spletni vir (1 datoteka PDF (VI, 20 f., [12] f. pril.)), ilustr.\u00a0<a href=\"https:\/\/repozitorij.uni-lj.si\/IzpisGradiva.php?id=140118\" target=\"_blank\">https:\/\/repozitorij.uni-lj.si\/IzpisGradiva.php?id=140118<\/a>. [COBISS.SI-ID\u00a0<a href=\"https:\/\/plus.cobiss.net\/cobiss\/si\/sl\/bib\/125336323\" target=\"_blank\">125336323<\/a>]<\/p>\n<p>&nbsp;<\/p>\n","protected":false},"excerpt":{"rendered":"<p>LUKAN, Tja\u0161a, \u017dUPANI\u010c, An\u017ee, MAHKOVEC POVALEJ, Tja\u0161a, BRUNKARD, Jacob O., KMETI\u010c, Mirjam, JUTER\u0160EK, Mojca, BAEBLER, \u0160pela, GRUDEN, Kristina. Chloroplast redox state changes mark cell-to-cell signaling in the hypersensitive response.\u00a0The new phytologist. 2022, str. 1-15, &lt;v tisku&gt;, ilustr. ISSN 1469-8137.\u00a0https:\/\/nph.onlinelibrary.wiley.com\/doi\/full\/10.1111\/nph.18425, DOI:\u00a010.1111\/nph.18425. [COBISS.SI-ID\u00a0121824771] LUKAN, Tja\u0161a, COLL RIUS, Anna. Intertwined roles of reactive oxygen species and salicylic acid [&hellip;]<\/p>\n","protected":false},"author":3,"featured_media":0,"parent":0,"menu_order":0,"comment_status":"closed","ping_status":"closed","template":"page-fullwidth.php","meta":{"jetpack_post_was_ever_published":false,"footnotes":""},"class_list":["post-30","page","type-page","status-publish","hentry"],"jetpack_sharing_enabled":true,"jetpack_shortlink":"https:\/\/wp.me\/PaDbb0-u","jetpack-related-posts":[],"_links":{"self":[{"href":"https:\/\/projects.nib.si\/redox\/wp-json\/wp\/v2\/pages\/30","targetHints":{"allow":["GET"]}}],"collection":[{"href":"https:\/\/projects.nib.si\/redox\/wp-json\/wp\/v2\/pages"}],"about":[{"href":"https:\/\/projects.nib.si\/redox\/wp-json\/wp\/v2\/types\/page"}],"author":[{"embeddable":true,"href":"https:\/\/projects.nib.si\/redox\/wp-json\/wp\/v2\/users\/3"}],"replies":[{"embeddable":true,"href":"https:\/\/projects.nib.si\/redox\/wp-json\/wp\/v2\/comments?post=30"}],"version-history":[{"count":10,"href":"https:\/\/projects.nib.si\/redox\/wp-json\/wp\/v2\/pages\/30\/revisions"}],"predecessor-version":[{"id":286,"href":"https:\/\/projects.nib.si\/redox\/wp-json\/wp\/v2\/pages\/30\/revisions\/286"}],"wp:attachment":[{"href":"https:\/\/projects.nib.si\/redox\/wp-json\/wp\/v2\/media?parent=30"}],"curies":[{"name":"wp","href":"https:\/\/api.w.org\/{rel}","templated":true}]}}