{"id":30,"date":"2016-04-05T22:13:00","date_gmt":"2016-04-05T22:13:00","guid":{"rendered":"http:\/\/projects.nib.si\/rnainval\/?page_id=30"},"modified":"2022-08-17T14:28:33","modified_gmt":"2022-08-17T13:28:33","slug":"references","status":"publish","type":"page","link":"https:\/\/projects.nib.si\/rnainval\/references\/","title":{"rendered":"Publications"},"content":{"rendered":"<p><strong>Publications resulting from the project:<\/strong><\/p>\n<p><span style=\"text-decoration: underline;\">Journal publications<\/span><\/p>\n<p>FERN\u00c1NDEZ, Rub\u00e8n Mateos,<strong> PETEK, Marko<\/strong>, JUTER\u0160EK, Mojca, GERASYMENKO, Iryna, BAEBLER, \u0160pela, KALLAM, Kalyani, GIMEN\u00c9Z, Elena Moreno, GONDOLF, Janine, NORDMANN, Alfred, GRUDEN, Kristina, ORZAEZ, Diego, PATRON, Nicola. Insect pest management in the age of synthetic biology.\u00a0<i>Plant biotechnology journal<\/i>. 2022, iss. 1, vol. 20, str. 25-36, ilustr. ISSN 1467-7644.\u00a0<a href=\"https:\/\/onlinelibrary.wiley.com\/doi\/10.1111\/pbi.13685\" target=\"_blank\">https:\/\/onlinelibrary.wiley.com\/doi\/10.1111\/pbi.13685<\/a>, doi:\u00a0<a href=\"https:\/\/dx.doi.org\/10.1111\/pbi.13685\" target=\"_blank\">10.1111\/pbi.13685<\/a>. [COBISS.SI-ID\u00a0<a href=\"https:\/\/plus.si.cobiss.net\/opac7\/bib\/81340163?lang=sl\" target=\"_blank\">81340163<\/a>]<\/p>\n<p><strong>PETEK, Marko<\/strong>, COLL RIUS, Anna, FERENC, Rok, RAZINGER, Jaka, GRUDEN, Kristina. Validating the potential of double-stranded RNA targeting Colorado potato beetle <em>mesh<\/em> gene in laboratory and field trials.\u00a0<i>Frontiers in plant science<\/i>, ISSN 1664-462X, 2020, str. 1-18, doi: <a href=\"https:\/\/doi.org\/10.3389\/fpls.2020.01250\">10.3389\/fpls.2020.01250<\/a>. [COBISS.SI-ID\u00a0<a class=\"red\" href=\"https:\/\/plus.si.cobiss.net\/opac7\/bib\/25419523?lang=sl\" target=\"_blank\">25419523<\/a>]<\/p>\n<p>SCHOVILLE, Sean D., CHEN, Yolanda H., ANDERSSON, Martin N., BENOIT, Joshua B., BHANDARI, Anita, BOWSHER, Julia H., BREVIK, Kristian, CAPPELLE, Kaat, CHEN, Mei-Ju M., CHILDERS, Anna K., GRUDEN, Kristina, <strong>PETEK, Marko<\/strong>, et al. A model species for agricultural pest genomics: the genome of the Colorado potato beetle, <em>Leptinotarsa decemlineata<\/em> (Coleoptera: Chrysomelidae).\u00a0<i>Scientific reports<\/i>, ISSN 2045-2322, 2018, vol. 8, str. 1-18, ilustr.\u00a0<a class=\"red\" href=\"http:\/\/dx.doi.org\/10.1038\/s41598-018-20154-1\">http:\/\/dx.doi.org\/10.1038\/s41598-018-20154-1<\/a>, doi:\u00a0<a class=\"red\" href=\"https:\/\/doi.org\/10.1038\/s41598-018-20154-1\" target=\"doi\">10.1038\/s41598-018-20154-1<\/a>. [COBISS.SI-ID\u00a0<a class=\"red\" href=\"https:\/\/plus.si.cobiss.net\/opac7\/bib\/4626767?lang=sl\" target=\"_blank\">4626767<\/a>]<\/p>\n<p>BAEBLER, \u0160pela, SVALINA, Miha, <strong>PETEK, Marko<\/strong>, STARE, Katja, ROTTER, Ana, POMPE NOVAK, Maru\u0161a, GRUDEN, Kristina. quantGenius: implementation of a decision support system for qPCR-based gene quantification.\u00a0<i>BMC bioinformatics<\/i>, ISSN 1471-2105, 2017, vol. 18, str. 1-11, ilustr.<a class=\"red\" href=\"https:\/\/bmcbioinformatics.biomedcentral.com\/articles\/10.1186\/s12859-017-1688-7\">https:\/\/bmcbioinformatics.biomedcentral.com\/articles\/10.1186\/s12859-017-1688-7<\/a>, doi:\u00a0<a class=\"red\" href=\"https:\/\/doi.org\/10.1186\/s12859-017-1688-7\" target=\"doi\">10.1186\/s12859-017-1688-7<\/a>. [COBISS.SI-ID\u00a0<a class=\"red\" href=\"https:\/\/plus.si.cobiss.net\/opac7\/bib\/4351055?lang=sl\" target=\"_blank\">4351055<\/a>]<\/p>\n<p><span style=\"text-decoration: underline;\">Preprints<\/span><\/p>\n<p><strong>PETEK, Marko<\/strong>, COLL, Anna,\u00a0\u00a0FERENC, Rok, RAZINGER, Jaka, GRUDEN, Kristina. Validating the potential of double-stranded RNA targeting Colorado potato beetle <em>mesh<\/em> gene in laboratory and field trials. <em>bioRxiv<\/em> 2020.02.13.945097; doi:\u00a0<a href=\"https:\/\/doi.org\/10.1101\/2020.02.13.945097\">https:\/\/doi.org\/10.1101\/2020.02.13.945097<\/a>;\u00a0<a href=\"http:\/\/projects.nib.si\/rnainval\/wp-content\/uploads\/sites\/4\/2016\/04\/Supplementary_Datasets.xlsx\" target=\"_blank\" rel=\"\">Supplementary Datasets 1-13<\/a><\/p>\n<p>Sean D. Schoville, Yolanda H. Chen, Martin N. Andersson, Joshua B. Benoit, Anita Bhandari, Julia H. Bowsher, Kristian Brevik, Kaat Cappelle, Mei-Ju M. Chen, Anna K. Childers, Christopher Childers, Olivier Christiaens, Justin Clements, Elise M. Didion, Elena N. Elpidina, Patamarerk Engsontia, Markus Friedrich, Inmaculada Garc\u00eda-Robles, Richard A. Gibbs, Chandan Goswami, Alessandro Grapputo, Kristina Gruden, Marcin Grynberg, Bernard Henrissat, Emily C. Jennings, Jeffery W. Jones, Megha Kalsi, Sher A. Khan, Abhishek Kumar, Fei Li, Vincent Lombard, Xingzhou Ma, Alexander Martynov, Nicholas J. Miller, Robert F. Mitchell, Monica Munoz-Torres, Anna Muszewska, Brenda Oppert, Subba Reddy Palli, Kristen A. Panfilio, Yannick Pauchet, Lindsey C. Perkin,\u00a0<strong>Marko Petek<\/strong>, Monica F. Poelchau, \u00c9ric Record, Joseph P. Rinehart, Hugh M. Robertson, Andrew J. Rosendale, Victor M. Ruiz-Arroyo, Guy Smagghe, Zsofia Szendrei, Gregg W.C. Thomas, Alex S. Torson, Iris M. Vargas Jentzsch, Matthew T. Weirauch, Ashley D. Yates, George D. Yocum, June-Sun Yoon &amp; Stephen Richards. A model species for agricultural pest genomics: The genome of the Colorado potato beetle,\u00a0<em>Leptinotarsa decemlineata<\/em>\u00a0(Coleoptera: Chrysomelidae).\u00a0<em>bioRxiv<\/em> 192641; doi: <a href=\"https:\/\/doi.org\/10.1101\/192641\">https:\/\/doi.org\/10.1101\/192641<\/a><\/p>\n<p><span style=\"text-decoration: underline;\">Conference abstracts<\/span><\/p>\n<p><strong>PETEK, Marko<\/strong>, GRUDEN, Kristina. Testing the activity of double-stranded RNAs against Colorado potato beetle. V:\u00a0<i>RNAi: the future of crosstalk: focus on RNAi Technology (WG1) and Applications (WG2): iPLANTA COST Action CA15223: abstract book<\/i>, 2nd iPLANTA Conference, Faculty of Biology, Adam Mickiewicz University, Pozna\u0144, Poland, February, 14-16, 2018. [S. l.: s. n. 2018], str. 29. [COBISS.SI-ID\u00a0<a class=\"red\" href=\"https:\/\/plus.si.cobiss.net\/opac7\/bib\/4623183?lang=sl\" target=\"_blank\">4623183<\/a>]<\/p>\n<p>TUMBAS \u0160APONJAC, Vesna, <strong>PETEK, Marko<\/strong>, PAIVA, J.A.P. One year of short-term scientific mission in the frame of the COST action 15223 : developing synergies, competencies and skills on RNAi. V:\u00a0<i>RNAi: the future of crosstalk : focus on RNAi Technology (WG1) and Applications (WG2): iPLANTA COST Action CA15223: abstract book<\/i>, 2nd iPLANTA Conference, Faculty of Biology, Adam Mickiewicz University, Pozna\u0144, Poland, February, 14-16, 2018. [S. l.: s. n. 2018], str. 49. [COBISS.SI-ID\u00a0<a class=\"red\" href=\"https:\/\/plus.si.cobiss.net\/opac7\/bib\/4623439?lang=sl\" target=\"_blank\">4623439<\/a>]<\/p>\n<p><strong>PETEK, Marko<\/strong>, GRUDEN, Kristina. Testing double-stranded RNAs for crop protection against Colorado Potato Beetle. V:\u00a0<i>Three-way interactions between plants, microbes and arthropods: impacts, mechanisms and utilisation<\/i>, 3rd Annual Meeting of the COST Action FA1405 in collaboration with Institute of Earth Systems University of Malta, 24-26 January, 2018, Malta. [S. l.: s. n. 2018], str. 27. [COBISS.SI-ID\u00a0<a class=\"red\" href=\"https:\/\/plus.si.cobiss.net\/opac7\/bib\/4624207?lang=sl\" target=\"_blank\">4624207<\/a>]<\/p>\n<p><strong>PETEK, Marko<\/strong>, GRUDEN, Kristina. Development of RNAi-based pesticides targeting Colorado potato beetle. V: GORI\u010cAR, Katja (ur.), HUDLER, Petra (ur.).\u00a0<i>Book of abstracts = Zbornik povzetkov<\/i>, 12th Meeting of the Slovenian Biochemical Society with International Participation = 12. sre\u010danje Slovenskega biokemijskega dru\u0161tva z mednarodno udele\u017ebo, Bled 20 &#8211; 23 september 2017. Ljubljana: Slovenian Biochemical Society. 2017, str. 52. [COBISS.SI-ID\u00a0<a class=\"red\" href=\"https:\/\/plus.si.cobiss.net\/opac7\/bib\/4452943?lang=sl\" target=\"_blank\">4452943<\/a>]<\/p>\n<p>BAEBLER, \u0160pela, SVALINA, Miha, <strong>PETEK, Marko<\/strong>, STARE, Katja, ROTTER, Ana, POMPE NOVAK, Maru\u0161a, GRUDEN, Kristina. QuantGenius : implementation of a decision support system for qPCR-based gene quantification. V: GORI\u010cAR, Katja (ur.), HUDLER, Petra (ur.).\u00a0<i>Book of abstracts = Zbornik povzetkov<\/i>, 12th Meeting of the Slovenian Biochemical Society with International Participation = 12. sre\u010danje Slovenskega biokemijskega dru\u0161tva z mednarodno udele\u017ebo, Bled 20 &#8211; 23 september 2017. Ljubljana: Slovenian Biochemical Society. 2017, str. 185. [COBISS.SI-ID\u00a0<a class=\"red\" href=\"https:\/\/plus.si.cobiss.net\/opac7\/bib\/4458063?lang=sl\" target=\"_blank\">4458063<\/a>]<\/p>\n<p><strong>PETEK, Marko<\/strong>, GRUDEN, Kristina. Selection and validation of novel targets for RNAi-based control of Colorado potato beetle. <em>In: Creating the plant RNAi research network: Cost Action CA15223: book of abstracts, 1st Cost iPlanta Conference, February 15-17, 2017, University Sapienza and CNR Headquarters, Rome, Italy. [S. l.: s. n., 2017].<\/em> <a href=\"http:\/\/iplanta.univpm.it\/sites\/iplanta.univpm.it\/files\/Book%20of%20abstracts%20IPlanta%20Rome.pdf\">http:\/\/iplanta.univpm.it\/sites\/iplanta.univpm.it\/files\/Book%20of%20abstracts%20IPlanta%20Rome.pdf<\/a>. [COBISS.SI-ID <a href=\"https:\/\/plus.si.cobiss.net\/opac7\/bib\/4249679?lang=sl\" target=\"_blank\">4249679<\/a>]<\/p>\n<p><span style=\"text-decoration: underline;\">Interviews<\/span><\/p>\n<p>PETEK, Marko.\u00a0Nova generacija pesticidov na osnovi RNA interference.\u00a0<i>Tromba : agencija za promocijo znanosti, kreativnosti in inovativnosti<\/i>, ISSN 2350-5869, 17. jul. 2017.\u00a0<a class=\"red\" href=\"http:\/\/www.tromba.si\/dr-marko-petek-nib-nova-generacija-pesticidov-na-osnovi-rna-interference\/\">http:\/\/www.tromba.si\/dr-marko-petek-nib-nova-generacija-pesticidov-na-osnovi-rna-interference\/<\/a>. [COBISS.SI-ID\u00a0<a class=\"red\" href=\"https:\/\/plus.si.cobiss.net\/opac7\/bib\/4375119?lang=sl\" target=\"_blank\">4375119<\/a>]<\/p>\n<p>DACINGER, Renata (oseba, ki intervjuva), \u010cU\u010cEK, Anja (oseba, ki intervjuva, scenarist), GRUDEN, Kristina (intervjuvanec), SABOTI\u010c, Jerica (intervjuvanec), PETEK, Marko (intervjuvanec), POLAJNAR, Jernej (intervjuvanec), KUZMAN, Uro\u0161 (intervjuvanec)<i>. Naravno proti \u0161kodljivcem<\/i>, (Ugriznimo znanost). Ljubljana: Radiotelevizija Slovenija javni zavod, 2017.\u00a0<a class=\"red\" href=\"http:\/\/4d.rtvslo.si\/arhiv\/ugriznimo-znanost\/174477226\">http:\/\/4d.rtvslo.si\/arhiv\/ugriznimo-znanost\/174477226<\/a>. [COBISS.SI-ID\u00a0<a class=\"red\" href=\"https:\/\/plus.si.cobiss.net\/opac7\/bib\/4356175?lang=sl\" target=\"_blank\">4356175<\/a>]<\/p>\n<p>&nbsp;<\/p>\n<p><strong>Previous\u00a0publications of the project&#8217;s working group related to this project:<\/strong><\/p>\n<p><a href=\"http:\/\/dx.doi.org\/10.1111%2Fmec.12932\" target=\"_blank\"><strong>Petek M<\/strong>, Rotter A, Kogov\u0161ek P <em>et al.<\/em> (2014) <em>Potato virus Y<\/em> infection hinders potato defence response and renders plants more vulnerable to Colorado potato beetle attack. <em>Molecular Ecology<\/em>, <strong>23<\/strong>, 5378\u201391.<\/a><\/p>\n<p><a href=\"http:\/\/pubs.acs.org\/doi\/abs\/10.1021\/jf403615f\" target=\"_blank\">\u0160mid I, Gruden K, Buh Ga\u0161pari\u010d M <em>et al.<\/em> (2013). Inhibition of the growth of Colorado potato beetle larvae by macrocypins, protease inhibitors from the parasol mushroom.<\/a><br \/>\n<a href=\"http:\/\/pubs.acs.org\/doi\/abs\/10.1021\/jf403615f\" target=\"_blank\"><em>Journal of Agricultural Food Chemisty<\/em>, <strong>61<\/strong>, 12499-509.<\/a><\/p>\n<p><a href=\"http:\/\/onlinelibrary.wiley.com\/doi\/10.1002\/arch.21017\/abstract\" target=\"_blank\"><strong>Petek M<\/strong>, Turn\u0161ek N, Buh Ga\u0161pari\u010d M <em>et al.<\/em> (2012) A complex of genes involved in adaptation of <em>Leptinotarsa decemlineata<\/em> larvae to induced potato defense. <em>Archives of Insect Biochemistry and Physiology<\/em>, <strong>79<\/strong>, 153\u201381.<\/a><\/p>\n<p class=\"desc\"><a href=\"http:\/\/www.sciencedirect.com\/science\/article\/pii\/S0965174804000116\" target=\"_blank\">Gruden K, Kuipers AG, Gun\u010dar G et al. (2004)\u00a0Molecular basis of Colorado potato beetle adaptation to potato plant defence at the level of digestive cysteine proteinases.\u00a0<span class=\"jrnl\" title=\"Insect biochemistry and molecular biology\"><em>Insect Biochemistry and Molecular Biology<\/em>,\u00a0<\/span><strong>34<\/strong>, 365-75.<\/a><\/p>\n","protected":false},"excerpt":{"rendered":"<p>Publications resulting from the project: Journal publications FERN\u00c1NDEZ, Rub\u00e8n Mateos, PETEK, Marko, JUTER\u0160EK, Mojca, GERASYMENKO, Iryna, BAEBLER, \u0160pela, KALLAM, Kalyani, GIMEN\u00c9Z, Elena Moreno, GONDOLF, Janine, NORDMANN, Alfred, GRUDEN, Kristina, ORZAEZ, Diego, PATRON, Nicola. Insect pest management in the age of synthetic biology.\u00a0Plant biotechnology journal. 2022, iss. 1, vol. 20, str. 25-36, ilustr. ISSN 1467-7644.\u00a0https:\/\/onlinelibrary.wiley.com\/doi\/10.1111\/pbi.13685, doi:\u00a010.1111\/pbi.13685. [&hellip;]<\/p>\n","protected":false},"author":3,"featured_media":0,"parent":0,"menu_order":3,"comment_status":"closed","ping_status":"closed","template":"page-fullwidth.php","meta":{"jetpack_post_was_ever_published":false,"footnotes":""},"class_list":["post-30","page","type-page","status-publish","hentry"],"jetpack_sharing_enabled":true,"jetpack_shortlink":"https:\/\/wp.me\/P7OqMV-u","jetpack-related-posts":[],"jetpack_likes_enabled":true,"_links":{"self":[{"href":"https:\/\/projects.nib.si\/rnainval\/wp-json\/wp\/v2\/pages\/30","targetHints":{"allow":["GET"]}}],"collection":[{"href":"https:\/\/projects.nib.si\/rnainval\/wp-json\/wp\/v2\/pages"}],"about":[{"href":"https:\/\/projects.nib.si\/rnainval\/wp-json\/wp\/v2\/types\/page"}],"author":[{"embeddable":true,"href":"https:\/\/projects.nib.si\/rnainval\/wp-json\/wp\/v2\/users\/3"}],"replies":[{"embeddable":true,"href":"https:\/\/projects.nib.si\/rnainval\/wp-json\/wp\/v2\/comments?post=30"}],"version-history":[{"count":25,"href":"https:\/\/projects.nib.si\/rnainval\/wp-json\/wp\/v2\/pages\/30\/revisions"}],"predecessor-version":[{"id":329,"href":"https:\/\/projects.nib.si\/rnainval\/wp-json\/wp\/v2\/pages\/30\/revisions\/329"}],"wp:attachment":[{"href":"https:\/\/projects.nib.si\/rnainval\/wp-json\/wp\/v2\/media?parent=30"}],"curies":[{"name":"wp","href":"https:\/\/api.w.org\/{rel}","templated":true}]}}