{"id":218,"date":"2018-03-19T13:39:36","date_gmt":"2018-03-19T12:39:36","guid":{"rendered":"http:\/\/projects.nib.si\/spiny\/?page_id=218"},"modified":"2018-10-23T12:48:03","modified_gmt":"2018-10-23T11:48:03","slug":"references","status":"publish","type":"page","link":"https:\/\/projects.nib.si\/spiny\/references\/","title":{"rendered":"References"},"content":{"rendered":"<p>Journal publications:<\/p>\n<ul>\n<li>ZAGOR\u0160\u010cAK, Maja, BLEJEC, Andrej, RAM\u0160AK, \u017diva, PETEK, Marko, STARE, Tja\u0161a,\u00a0GRUDEN, Kristina. DiNAR: revealing hidden patterns of plant signalling dynamics using\u00a0Diferential\u00a0Network Analysis in R.\u00a0<i>Plant methods<\/i>, ISSN 1746-4811, 2018, vol. 14, str. 1-9.<a class=\"red\" href=\"https:\/\/plantmethods.biomedcentral.com\/articles\/10.1186\/s13007-018-0345-0\">https:\/\/plantmethods.biomedcentral.com\/articles\/10.1186\/s13007-018-0345-0<\/a>,\u00a0doi:\u00a0<a class=\"red\" href=\"https:\/\/doi.org\/10.1186\/s13007-018-0345-0\" target=\"doi\">10.1186\/s13007-018-0345-0<\/a>. [COBISS.SI-ID\u00a0<a class=\"red\" href=\"https:\/\/plus.si.cobiss.net\/opac7\/bib\/4791631?lang=sl\" target=\"_blank\">4791631<\/a>]<\/li>\n<\/ul>\n","protected":false},"excerpt":{"rendered":"<p>Journal publications: ZAGOR\u0160\u010cAK, Maja, BLEJEC, Andrej, RAM\u0160AK, \u017diva, PETEK, Marko, STARE, Tja\u0161a,\u00a0GRUDEN, Kristina. DiNAR: revealing hidden patterns of plant signalling dynamics using\u00a0Diferential\u00a0Network Analysis in R.\u00a0Plant methods, ISSN 1746-4811, 2018, vol. 14, str. 1-9.https:\/\/plantmethods.biomedcentral.com\/articles\/10.1186\/s13007-018-0345-0,\u00a0doi:\u00a010.1186\/s13007-018-0345-0. [COBISS.SI-ID\u00a04791631]<\/p>\n","protected":false},"author":12,"featured_media":0,"parent":0,"menu_order":0,"comment_status":"closed","ping_status":"closed","template":"","meta":{"jetpack_post_was_ever_published":false,"footnotes":""},"class_list":["post-218","page","type-page","status-publish","hentry"],"jetpack_sharing_enabled":true,"jetpack_shortlink":"https:\/\/wp.me\/P7Rl1h-3w","jetpack-related-posts":[],"_links":{"self":[{"href":"https:\/\/projects.nib.si\/spiny\/wp-json\/wp\/v2\/pages\/218","targetHints":{"allow":["GET"]}}],"collection":[{"href":"https:\/\/projects.nib.si\/spiny\/wp-json\/wp\/v2\/pages"}],"about":[{"href":"https:\/\/projects.nib.si\/spiny\/wp-json\/wp\/v2\/types\/page"}],"author":[{"embeddable":true,"href":"https:\/\/projects.nib.si\/spiny\/wp-json\/wp\/v2\/users\/12"}],"replies":[{"embeddable":true,"href":"https:\/\/projects.nib.si\/spiny\/wp-json\/wp\/v2\/comments?post=218"}],"version-history":[{"count":3,"href":"https:\/\/projects.nib.si\/spiny\/wp-json\/wp\/v2\/pages\/218\/revisions"}],"predecessor-version":[{"id":225,"href":"https:\/\/projects.nib.si\/spiny\/wp-json\/wp\/v2\/pages\/218\/revisions\/225"}],"wp:attachment":[{"href":"https:\/\/projects.nib.si\/spiny\/wp-json\/wp\/v2\/media?parent=218"}],"curies":[{"name":"wp","href":"https:\/\/api.w.org\/{rel}","templated":true}]}}