{"id":315,"date":"2026-03-26T16:59:53","date_gmt":"2026-03-26T15:59:53","guid":{"rendered":"https:\/\/projects.nib.si\/sysreg\/?page_id=315"},"modified":"2026-03-26T16:59:53","modified_gmt":"2026-03-26T15:59:53","slug":"project-group","status":"publish","type":"page","link":"https:\/\/projects.nib.si\/sysreg\/project-group\/","title":{"rendered":"Project group"},"content":{"rendered":"\n<figure class=\"wp-block-table\"><table class=\"has-fixed-layout\"><thead><tr><th class=\"has-text-align-center\" data-align=\"center\">\u0161t.<\/th><th>Eviden\u010dna \u0161t.<\/th><th>Ime in priimek<\/th><th>Razisk. podro\u010dje<\/th><th>Vloga<\/th><th>Obdobje<\/th><th class=\"has-text-align-center\" data-align=\"center\">\u0160tev. publikacij<\/th><\/tr><\/thead><tbody><tr><td class=\"has-text-align-center\" data-align=\"center\">1.&nbsp;<\/td><td>12688&nbsp;<\/td><td><a href=\"https:\/\/cris.cobiss.net\/ecris\/si\/sl\/researcher\/7831\">dr. Kristina Gruden<\/a>&nbsp;<\/td><td>Biotehnologija&nbsp;<\/td><td>Raziskovalec&nbsp;<\/td><td>2021 &#8211; 2025&nbsp;<\/td><td class=\"has-text-align-right\" data-align=\"right\">1.074&nbsp;<\/td><\/tr><tr><td class=\"has-text-align-center\" data-align=\"center\">2.&nbsp;<\/td><td>36323&nbsp;<\/td><td><a href=\"https:\/\/cris.cobiss.net\/ecris\/si\/sl\/researcher\/41662\">dr. Tja\u0161a Lukan<\/a>&nbsp;<\/td><td>Biologija&nbsp;<\/td><td>Raziskovalec&nbsp;<\/td><td>2024 &#8211; 2025&nbsp;<\/td><td class=\"has-text-align-right\" data-align=\"right\">157&nbsp;<\/td><\/tr><tr><td class=\"has-text-align-center\" data-align=\"center\">3.&nbsp;<\/td><td>29617&nbsp;<\/td><td><a href=\"https:\/\/cris.cobiss.net\/ecris\/si\/sl\/researcher\/32230\">dr. Marko Petek<\/a>&nbsp;<\/td><td>Biotehnologija&nbsp;<\/td><td>Raziskovalec&nbsp;<\/td><td>2021 &#8211; 2025&nbsp;<\/td><td class=\"has-text-align-right\" data-align=\"right\">215&nbsp;<\/td><\/tr><tr><td class=\"has-text-align-center\" data-align=\"center\">4.&nbsp;<\/td><td>34502&nbsp;<\/td><td><a href=\"https:\/\/cris.cobiss.net\/ecris\/si\/sl\/researcher\/39117\">dr. \u017diva Ram\u0161ak<\/a>&nbsp;<\/td><td>Biologija&nbsp;<\/td><td>Raziskovalec&nbsp;<\/td><td>2021 &#8211; 2023&nbsp;<\/td><td class=\"has-text-align-right\" data-align=\"right\">130&nbsp;<\/td><\/tr><tr><td class=\"has-text-align-center\" data-align=\"center\">5.&nbsp;<\/td><td>50578&nbsp;<\/td><td><a href=\"https:\/\/cris.cobiss.net\/ecris\/si\/sl\/researcher\/46746\">dr. Eva Turk<\/a>&nbsp;<\/td><td>Biologija&nbsp;<\/td><td>Raziskovalec&nbsp;<\/td><td>2022 &#8211; 2023&nbsp;<\/td><td class=\"has-text-align-right\" data-align=\"right\">41&nbsp;<\/td><\/tr><tr><td class=\"has-text-align-center\" data-align=\"center\">6.&nbsp;<\/td><td>39320&nbsp;<\/td><td><a href=\"https:\/\/cris.cobiss.net\/ecris\/si\/sl\/researcher\/45348\">dr. Maja Zagor\u0161\u010dak<\/a>&nbsp;<\/td><td>Interdisciplinarne raziskave&nbsp;<\/td><td>Raziskovalec&nbsp;<\/td><td>2021 &#8211; 2025&nbsp;<\/td><td class=\"has-text-align-right\" data-align=\"right\">102&nbsp;<\/td><\/tr><tr><td class=\"has-text-align-center\" data-align=\"center\">7.&nbsp;<\/td><td>32446&nbsp;<\/td><td><a href=\"https:\/\/cris.cobiss.net\/ecris\/si\/sl\/researcher\/35240\">dr. Jan Zrimec<\/a>&nbsp;<\/td><td>Biokemija in molekularna biologija&nbsp;<\/td><td>Vodja&nbsp;<\/td><td>2021 &#8211; 2025&nbsp;<\/td><td class=\"has-text-align-right\" data-align=\"right\">117&nbsp;<\/td><\/tr><tr><td class=\"has-text-align-center\" data-align=\"center\">8.&nbsp;<\/td><td>27522&nbsp;<\/td><td><a href=\"https:\/\/cris.cobiss.net\/ecris\/si\/sl\/researcher\/20171\">dr. An\u017ee \u017dupani\u010d<\/a>&nbsp;<\/td><td>Sistemi in kibernetika&nbsp;<\/td><td>Raziskovalec&nbsp;<\/td><td>2021 &#8211; 2025&nbsp;<\/td><td class=\"has-text-align-right\" data-align=\"right\">223&nbsp;<\/td><\/tr><\/tbody><\/table><\/figure>\n","protected":false},"excerpt":{"rendered":"<p>\u0161t. Eviden\u010dna \u0161t. Ime in priimek Razisk. podro\u010dje Vloga Obdobje \u0160tev. publikacij 1.&nbsp; 12688&nbsp; dr. Kristina Gruden&nbsp; Biotehnologija&nbsp; Raziskovalec&nbsp; 2021 &#8211; 2025&nbsp; 1.074&nbsp; 2.&nbsp; 36323&nbsp; dr. Tja\u0161a Lukan&nbsp; Biologija&nbsp; Raziskovalec&nbsp; 2024 &#8211; 2025&nbsp; 157&nbsp; 3.&nbsp; 29617&nbsp; dr. Marko Petek&nbsp; Biotehnologija&nbsp; Raziskovalec&nbsp; 2021 &#8211; 2025&nbsp; 215&nbsp; 4.&nbsp; 34502&nbsp; dr. \u017diva Ram\u0161ak&nbsp; Biologija&nbsp; Raziskovalec&nbsp; 2021 &#8211; 2023&nbsp; [&hellip;]<\/p>\n","protected":false},"author":47,"featured_media":0,"parent":0,"menu_order":0,"comment_status":"closed","ping_status":"closed","template":"","meta":{"jetpack_post_was_ever_published":false,"footnotes":""},"class_list":["post-315","page","type-page","status-publish","hentry"],"jetpack_sharing_enabled":true,"jetpack_shortlink":"https:\/\/wp.me\/PaDbb0-55","jetpack-related-posts":[],"_links":{"self":[{"href":"https:\/\/projects.nib.si\/sysreg\/wp-json\/wp\/v2\/pages\/315","targetHints":{"allow":["GET"]}}],"collection":[{"href":"https:\/\/projects.nib.si\/sysreg\/wp-json\/wp\/v2\/pages"}],"about":[{"href":"https:\/\/projects.nib.si\/sysreg\/wp-json\/wp\/v2\/types\/page"}],"author":[{"embeddable":true,"href":"https:\/\/projects.nib.si\/sysreg\/wp-json\/wp\/v2\/users\/47"}],"replies":[{"embeddable":true,"href":"https:\/\/projects.nib.si\/sysreg\/wp-json\/wp\/v2\/comments?post=315"}],"version-history":[{"count":1,"href":"https:\/\/projects.nib.si\/sysreg\/wp-json\/wp\/v2\/pages\/315\/revisions"}],"predecessor-version":[{"id":317,"href":"https:\/\/projects.nib.si\/sysreg\/wp-json\/wp\/v2\/pages\/315\/revisions\/317"}],"wp:attachment":[{"href":"https:\/\/projects.nib.si\/sysreg\/wp-json\/wp\/v2\/media?parent=315"}],"curies":[{"name":"wp","href":"https:\/\/api.w.org\/{rel}","templated":true}]}}