{"id":30,"date":"2016-04-05T22:13:00","date_gmt":"2016-04-05T22:13:00","guid":{"rendered":"http:\/\/projects.nib.si\/tobamo\/?page_id=30"},"modified":"2025-12-10T14:04:01","modified_gmt":"2025-12-10T13:04:01","slug":"references","status":"publish","type":"page","link":"https:\/\/projects.nib.si\/tobamo\/references\/","title":{"rendered":"Publications"},"content":{"rendered":"\n<p><\/p>\n\n\n\n<p class=\"has-x-large-font-size\"><strong>Project report:&nbsp;<a href=\"http:\/\/projects.nib.si\/tobamo\/wp-content\/uploads\/sites\/38\/2024\/10\/Priloga-1_Vsebinsko-porocilo_aplikativni-projekti_sof-MKGP_L4_3179_Tobamo.pdf\" target=\"_blank\" rel=\"noopener\">Project_report<\/a><\/strong><\/p>\n\n\n\n<h1 class=\"wp-block-heading\"><strong>Bibliografski in drugi dose\u017eeni rezultati projektne skupine <\/strong><\/h1>\n\n\n\n<h2 class=\"wp-block-heading\"><strong>\u017de objavljeni znanstveni \u010dlanki, ki so rezultat tega projekta<\/strong><\/h2>\n\n\n\n<p>TIBERINI, Antonio, MANGLLI, Ariana, TAGLIENTI, Anna, VU\u010cUROVI\u0106, Ana, BRODARI\u010c, Jakob, FERRETTI, Luca, LUIGI, Marta, GENTILI, Andrea, MEHLE, Nata\u0161a. Development and validation of a one-step reverse transcription real-time PCR assay for simultaneous detection and identification of tomato mottle mosaic virus and tomato brown rugose fruit virus. Plants. 11 Feb. 2022, vol. 11, iss. 4, str. 1-20, ilustr. ISSN 2223-7747. <a href=\"https:\/\/www.mdpi.com\/2223-7747\/11\/4\/489\">https:\/\/www.mdpi.com\/2223-7747\/11\/4\/489<\/a>, DOI: <a href=\"https:\/\/dx.doi.org\/10.3390\/plants11040489\">10.3390\/plants11040489<\/a>.<\/p>\n\n\n\n<p>MAKSIMOVI\u0106, Olivera, LENGAR, \u017diva, KOGEJ, Zala, BA\u010cNIK, Katarina, BAJDE, Irena, MILAVEC, Mojca, \u017dUPANI\u010c, An\u017ee, MEHLE, Nata\u0161a, KUTNJAK, Denis, RAVNIKAR, Maja, GUTI\u00c9RREZ-AGUIRRE, Ion. Evaluation of methods and processes for robust monitoring of SARS-CoV-2 in wastewater. Food and environmental virology. 23 Aug 2022, str. 1-17, ilustr. ISSN 1867-0334.&nbsp;<a href=\"https:\/\/link.springer.com\/article\/10.1007\/s12560-022-09533-0\">https:\/\/link.springer.com\/article\/10.1007\/s12560-022-09533-0<\/a>, DOI:&nbsp;<a href=\"https:\/\/dx.doi.org\/10.1007\/s12560-022-09533-0\">10.1007\/s12560-022-09533-0<\/a>.<\/p>\n\n\n\n<p>MEHLE, Nata\u0161a, BA\u010cNIK, Katarina, BAJDE, Irena, BRODARI\u010c, Jakob, FOX, Adrian, GUTI\u00c9RREZ-AGUIRRE, Ion, KITEK, Miha, KUTNJAK, Denis, LOH, Yue Lin, MAKSIMOVI\u0106, Olivera, RAVNIKAR, Maja, VOGEL, Elise, VOS, Christine, VU\u010cUROVI\u0106, Ana. Tomato brown rugose fruit virus in aqueous environments : survival and significance of water-mediated transmission. Frontiers in plant science. 2023, vol. 14, art. 1187920, str. 1-15, ilustr. ISSN 1664-462X.&nbsp;<a href=\"https:\/\/doi.org\/10.3389\/fpls.2023.1187920\">https:\/\/doi.org\/10.3389\/fpls.2023.1187920<\/a>,&nbsp;<a href=\"https:\/\/www.frontiersin.org\/articles\/10.3389\/fpls.2023.1187920\/full#supplementary-material\">https:\/\/www.frontiersin.org\/articles\/10.3389\/fpls.2023.1187920\/full#supplementary-material<\/a>, DOI:&nbsp;<a href=\"https:\/\/dx.doi.org\/10.3389\/fpls.2023.1187920\">10.3389\/fpls.2023.1187920<\/a>.<\/p>\n\n\n\n<p>RIVAREZ, Mark Paul Selda, PECMAN, Anja, BA\u010cNIK, Katarina, MAKSIMOVI\u0106, Olivera, VU\u010cUROVI\u0106, Ana, SELJAK, Gabrijel, MEHLE, Nata\u0161a, GUTI\u00c9RREZ-AGUIRRE, Ion, RAVNIKAR, Maja, KUTNJAK, Denis. In-depth study of tomato and weed viromes reveals undiscovered plant virus diversity in an agroecosystem. Microbiome. 2023, vol. 11, art. 60, str. [1]-24, ilustr. ISSN 2049-2618.&nbsp;<a href=\"https:\/\/doi.org\/10.1186\/s40168-023-01500-6\">https:\/\/doi.org\/10.1186\/s40168-023-01500-6<\/a>,&nbsp;<a href=\"https:\/\/dirros.openscience.si\/IzpisGradiva.php?id=16442\">https:\/\/dirros.openscience.si\/IzpisGradiva.php?id=16442<\/a>, DOI:&nbsp;<a href=\"https:\/\/dx.doi.org\/10.1186\/s40168-023-01500-6\">10.1186\/s40168-023-01500-6<\/a>.<\/p>\n\n\n\n<p>MAKSIMOVI\u0106, Olivera, BA\u010cNIK, Katarina, RIVAREZ, Mark Paul Selda, VU\u010cUROVI\u0106, Ana, MEHLE, Nata\u0161a, RAVNIKAR, Maja, GUTI\u00c9RREZ-AGUIRRE, Ion, KUTNJAK, Denis. Virome analysis of irrigation water sources provides extensive insights into the diversity and distribution of plant viruses in agroecosystems. Water research. Feb. 2024, vol. 249, art. no. 120712, str. [1]-15, ilustr., zvd. ISSN 0043-1354. <a href=\"https:\/\/doi.org\/10.1016\/j.watres.2023.120712\">https:\/\/doi.org\/10.1016\/j.watres.2023.120712<\/a> , DiRROS &#8211; Digitalni repozitorij raziskovalnih organizacij Slovenije, DOI: 10.1016\/j.watres.2023.120712. [COBISS.SI-ID 172665347]<\/p>\n\n\n\n<p>MEHLE, Nata\u0161a, FOX, Adrian, TIBERINI, Antonio, ZIEBELL, Heiko. Vertical transmission of tomato viruses. V: MACDIARMID, Robin (ur.), BENHUR, Lee (ur.), BEER, Martin (ur.).&nbsp;<em>Advances in virus research<\/em>. 1st ed. London; Cambridge: Elsevier, 2025. Str. 105-168, ilustr., zvd. Advances in virus research series, vol. 123. ISBN 0-443-34493-0, ISBN 978-0-443-34493-0.&nbsp;<a rel=\"noreferrer noopener\" href=\"https:\/\/doi.org\/10.1016\/bs.aivir.2025.08.003\" target=\"_blank\">https:\/\/doi.org\/10.1016\/bs.aivir.2025.08.003<\/a>,<\/p>\n\n\n\n<p>Vu\u010durovi\u0107, A., J. Brodari\u010d, I. Bajde, M. Kitek, and N. Mehle. 2025. \u201c Epidemiological Insights Into Water and Soil-Mediated Transmission of Tomato Mottle Mosaic Virus.\u201d Plant Pathology https:\/\/doi.org\/10.1111\/ppa.70101.<\/p>\n\n\n\n<p><strong>Predstavitve rezultatov dela na konferencah\/ strokovnih sre\u010danjih v obliki predavanj ali postrov:<\/strong><\/p>\n\n\n\n<ol class=\"wp-block-list\" start=\"15\">\n<li>slovensko posvetovanje o varstvu rastlin z mednarodno udele\u017ebo (Portoro\u017e, 1.-2.3.2022):<\/li>\n<\/ol>\n\n\n\n<ul class=\"wp-block-list\">\n<li>Predavanje: MEHLE, Nata\u0161a, KUTNJAK, Denis, GUTI\u00c9RREZ-AGUIRRE, Ion, RAVNIKAR, Maja, BA\u010cNIK, Katarina, MAKSIMOVI\u0106, Olivera, BRODARI\u010c, Jakob, BAJDE, Irena, KITEK, Miha, VU\u010cUROVI\u0106, Ana. Pomen vode za raz\u0161irjanje virusa rjave grban\u010davosti plodov paradi\u017enika = Water-linked epidemiology of tomato brown rugose fruit virus.<\/li>\n\n\n\n<li>Poster: VU\u010cUROVI\u0106, Ana, BRODARI\u010c, Jakob, TIBERINI, Antonio, LUIGI, Marta, FAGGIOLI, Francesco, MEHLE, Nata\u0161a. Virus lisavosti in mozaika paradi\u017enika : nov sovra\u017enik paradi\u017enika in paprike = Tomato mottle mosaic virus : new enemy affecting tomatoes and peppers.<\/li>\n<\/ul>\n\n\n\n<p>Ob\u010dni zbor Slovenskega zdru\u017eenja za integrirano pridelavo zelenjave (spletno sre\u010danje, 29.3.2022):<\/p>\n\n\n\n<ul class=\"wp-block-list\">\n<li>Predavanje: MEHLE, Nata\u0161a, KUTNJAK, Denis, GUTI\u00c9RREZ-AGUIRRE, Ion, RAVNIKAR, Maja, BA\u010cNIK, Katarina, MAKSIMOVI\u0106, Olivera, BRODARI\u010c, Jakob, KITEK, Miha, BAJDE, Irena, VU\u010cUROVI\u0106, Ana. Virus rjave grban\u010davosti plodov paradi\u017enika (ToBRFV) in pomen vode za njegovo raz\u0161irjanje.<\/li>\n<\/ul>\n\n\n\n<p>ISFEV 2022 &#8211; The Seventh International Conference on Food and Environmental Virology (Santiago de Compostela, \u0160panija, 16.-20.5.2022):<\/p>\n\n\n\n<ul class=\"wp-block-list\">\n<li>Predavanje: MAKSIMOVI\u0106, Olivera, BA\u010cNIK, Katarina, KUTNJAK, Denis, RIVAREZ, Mark Paul Selda, VU\u010cUROVI\u0106, Ana, MEHLE, Nata\u0161a, SELJAK, Gabrijel, RAVNIKAR, Maja, GUTI\u00c9RREZ-AGUIRRE, Ion. A plant virus tale : from wastewater to irrigation crops.<\/li>\n\n\n\n<li>Predavanje: MAKSIMOVI\u0106, Olivera, BA\u010cNIK, Katarina, LENGAR, \u017diva, KOGEJ ZWITTER, Zala, MILAVEC, Mojca, RAVNIKAR, Maja, GUTI\u00c9RREZ-AGUIRRE, Ion. Lesson learned from monitoring of SARS-COV-2 in Slovenian wastewater.<\/li>\n<\/ul>\n\n\n\n<p>MSS2022 &#8211; Monolith Summerschool and symposium (Portoro\u017e, Junij 2022):<\/p>\n\n\n\n<ul class=\"wp-block-list\">\n<li>Predavanje: MAKSIMOVIC Olivera et al. Combination of CIM monolith chromatography and high throughput sequencing (HTS) to study the plant virus composition of irrigation waters and its impact in crop plants.<\/li>\n<\/ul>\n\n\n\n<p>5th ISPVE &#8211; Epidemiology and management of plant viruses under a changing climate (Madrid, \u0160panija, 5.-8.6.2022):<\/p>\n\n\n\n<ul class=\"wp-block-list\">\n<li>Predavanje: VU\u010cUROVI\u0106, Ana, KUTNJAK, Denis, GUTI\u00c9RREZ-AGUIRRE, Ion, RAVNIKAR, Maja, BA\u010cNIK, Katarina, MAKSIMOVI\u0106, Olivera, FOX, Adrian, BRODARI\u010c, Jakob, BAJDE, Irena, KITEK, Miha, MEHLE, Nata\u0161a. Tomato brown rugose fruit virus in aqueous environments : survival and significance of water-mediated transmission.<\/li>\n<\/ul>\n\n\n\n<p>International conference of the Slovenian Society of Plant Biology (Plants in Changing Environment) (15.-16.9.2022):<\/p>\n\n\n\n<ul class=\"wp-block-list\">\n<li>Predavanje: VU\u010cUROVI\u0106, Ana, BRODARI\u010c, Jakob, BAJDE, Irena, TIBERINI, Antonio, LUIGI, Marta, MANGLLI, Ariana, FAGGIOLI, Francesco, MEHLE, Nata\u0161a. Tomato mottle mosaic virus: newly discovered enemy affecting tomatoes and peppers.<\/li>\n<\/ul>\n\n\n\n<p>CEFood, 11th Central European Congress on Food and Nutrition \u201cFood, technology and nutrition for healthy people in a healthy environment\u201c (\u010cate\u017e ob Savi, 27.9.2022):<\/p>\n\n\n\n<ul class=\"wp-block-list\">\n<li>Poster: VU\u010cUROVI\u0106, Ana,BRODARI\u010c, Jakob, BAJDE, Irena, KITEK, Miha, KUTNJAK, Denis, GUTI\u00c9RREZ-AGUIRRE, Ion, RAVNIKAR, Maja, BA\u010cNIK, Katarina, MAKSIMOVI\u0106, Olivera, FOX, Adrian, LOH Yue Lin, MEHLE, Nata\u0161a. Tomato brown rugose fruit virus in aqueous environments \u2013 survival and significance of water-mediated transmission<\/li>\n\n\n\n<li>Predavanje: VU\u010cUROVI\u0106, Ana, BA\u010cNIK, Katarina, GUTI\u00c9RREZ-AGUIRRE, Ion, KUTNJAK, Denis, RAVNIKAR, Maja, CURK, Toma\u017e, \u0160travs, Rok, MEHLE, Nata\u0161a. Discovery and water-linked epidemiology of emergent tobamoviruses infecting crops<\/li>\n<\/ul>\n\n\n\n<p>AAB, International Advances in Plant Virology (Ljubljana, 5.-7.10.2022):<\/p>\n\n\n\n<ul class=\"wp-block-list\">\n<li>Predavanje: VU\u010cUROVI\u0106, Ana, KUTNJAK, Denis, GUTI\u00c9RREZ-AGUIRRE, Ion, RAVNIKAR, Maja, BA\u010cNIK, Katarina, MAKSIMOVI\u0106, Olivera, FOX, Adrian, LOH Yue Lin, BRODARI\u010c, Jakob, BAJDE, Irena, KITEK, Miha, MEHLE, Nata\u0161a, Water-linked epidemiology of tomato brown rugose fruit virus.<\/li>\n\n\n\n<li>Predavanje: MAKSIMOVIC Olivera, BACNIK, Katarina, SELDA RIVAREZ Mark Paul, KUTNJAK; Denis, RAVNIKAR, Maja, GUTIERREZ-AGUIRRE, Ion, Virome analysis of selected irrigation waters in Slovenia focusing on plant viruses.<\/li>\n\n\n\n<li>Poster: BA\u010cNIK, Katarina, MEHLE, Nata\u0161a, CURK, Toma\u017e, KUTNJAK, Denis. Discovery and genomic characterisation of novel tobamoviruses through meta-analysis of public sequence datasets<\/li>\n\n\n\n<li>Poster: VU\u010cUROVI\u0106, Ana, BRODARI\u010c, Jakob, TIBERINI, Antonio, LUIGI, Marta, FAGGIOLI, Francesco, MEHLE, Nata\u0161a. Tomato mottle mosaic virus: a newly discovered threat to tomatoes and peppers<\/li>\n<\/ul>\n\n\n\n<p>XXXII Plant Protection Forum (Keszthely, Mad\u017earska, 18.-20.1.2023):<\/p>\n\n\n\n<ul class=\"wp-block-list\">\n<li>Vabljeno predavanje: MEHLE, Nata\u0161a, VU\u010cUROVI\u0106, Ana, KUTNJAK, Denis, GUTI\u00c9RREZ-AGUIRRE, Ion, BA\u010cNIK, Katarina, MAKSIMOVI\u0106, Olivera, BRODARI\u010c, Jakob, BAJDE, Irena, KITEK, Miha, RAVNIKAR, Maja.&nbsp;The impact of water mediated transmission of plant viruses.<\/li>\n<\/ul>\n\n\n\n<p>Novi izzivi v agronomiji 2023 = New Challenges in Agronomy 2023 (La\u0161ko, 26.-27.1.2023):<\/p>\n\n\n\n<ul class=\"wp-block-list\">\n<li>Predavanje: VU\u010cUROVI\u0106, Ana, BA\u010cNIK, Katarina, BAJDE, Irena, BRODARI\u010c, Jakob, FOX, Adrian, GUTI\u00c9RREZ-AGUIRRE, Ion, KITEK, Miha, KUTNJAK, Denis, LOH, Yue Lin, MAKSIMOVI\u0106, Olivera, RAVNIKAR, Maja, MEHLE, Nata\u0161a, et al. Pre\u017eivetje virusa rjave grban\u010davosti plodov paradi\u017enika in njegov prenos z vodo = Survival in and transmission by water of tomato brown rugose fruit virus.<\/li>\n<\/ul>\n\n\n\n<p>EURL Virology Workshop &#8211; interpretation of ToBRFV results (online, 14.2.2023):<\/p>\n\n\n\n<ul class=\"wp-block-list\">\n<li>Predavanje: MEHLE, Nata\u0161a.&nbsp;ToBRFV in water<\/li>\n<\/ul>\n\n\n\n<p>12th International Congress on Plant Pathology &#8211; ICPP2023 (Lyon, France, 20.-25.8.2023):<\/p>\n\n\n\n<ul class=\"wp-block-list\">\n<li>Poster: KUTNJAK, Denis, RIVAREZ, Mark Paul Selda, MAKSIMOVI\u0106, Olivera, BA\u010cNIK, Katarina, KOGEJ ZWITTER, Zala, PECMAN, Anja, LENGAR, \u017diva, MEHLE, Nata\u0161a, VU\u010cUROVI\u0106, Ana, GUTI\u00c9RREZ-AGUIRRE, Ion, RAVNIKAR, Maja. Virome analysis of multiple sample types brings extended insights into the plant virus presence in the ecosystem.<\/li>\n\n\n\n<li>Poster: BA\u010cNIK, Katarina, VOGRINEC, Lana, CURK, Toma\u017e, BA\u010cI\u010c, Martina, MEHLE, Nata\u0161a, KUTNJAK, Denis. Data mining-based discovery of novel tobamoviruses and viruses associated with macrophytes.<\/li>\n\n\n\n<li>Predavanje: MEHLE, Nata\u0161a, BAJDE, Irena, BRODARI\u010c, Jakob, MAKSIMOVI\u0106, Olivera, FOX, Adrian, KITEK, Miha, LOH, Yue Lin, GUTI\u00c9RREZ-AGUIRRE, Ion, KUTNJAK, Denis, BA\u010cNIK, Katarina, RAVNIKAR, Maja, VU\u010cUROVI\u0106, Ana. Water and soil contaminated with emerging tobamoviruses are the source of plant infections.&nbsp;<\/li>\n<\/ul>\n\n\n\n<p>Slovenian Microbiome Network Symposium (Maribor, 30.11.-1.12.2023):<\/p>\n\n\n\n<ul class=\"wp-block-list\">\n<li>Predavanje: BA\u010cNIK, Katarina, VOGRINEC, Lana, Turk Dermastia, Timotej, Pajek ARAmBa\u0161i\u010d, Ne\u017ea, CURK, Toma\u017e, BA\u010cI\u010c, Martina, MEHLE, Nata\u0161a, KUTNJAK, Denis. Data mining-based discovery of (novel) viral sequences in various host organisms and environmental samples<\/li>\n<\/ul>\n\n\n\n<p>20th Meeting of the EFSA Network on plant health risk assessment (on-line, 6.12.2023):<\/p>\n\n\n\n<ul class=\"wp-block-list\">\n<li>Vabljeno predavanje: KUTNJAK et al. Advances in high-throughput sequencing give new opportunities for virus detection towards a ONE Health approach<\/li>\n<\/ul>\n\n\n\n<p>Varstvo vrtnin &#8211; Sre\u010danje s kmetijskimi svetovalci JSKS (UVHVVR organizator) (on-line, 19. december 2023):<\/p>\n\n\n\n<ul class=\"wp-block-list\">\n<li>Predavanje: MEHLE, Nata\u0161a.&nbsp;Kako lahko prepre\u010dimo vnos oziroma \u0161irjenje virusa rjave grban\u010davosti plodov paradi\u017enika?<\/li>\n<\/ul>\n\n\n\n<p>Usposabljanje za strokovni izpit s podro\u010dja zdravstvenega varstva rastlin (KIS, 1. 2.2024):<\/p>\n\n\n\n<ul class=\"wp-block-list\">\n<li>Predavanje: MEHLE, Nata\u0161a.&nbsp;Fitoplazma Grapevine Flavescence dor\u00e9e, Tomato leaf curl New delhi virus, Tomato brown rugose fruit virus<\/li>\n<\/ul>\n\n\n\n<ol class=\"wp-block-list\" start=\"9\">\n<li>kongres Slovenskega mikrobiolo\u0161kega dru\u0161tva (Maribor, 14.\u201316. 2.2024):<\/li>\n<\/ol>\n\n\n\n<ul class=\"wp-block-list\">\n<li>Vabljeno predavanje: RAVNIKAR, Maja, GUTI\u00c9RREZ-AGUIRRE, Ion, DOBNIK, David, FILIPI\u0106, Arijana, BA\u010cNIK, Katarina, MAKSIMOVI\u0106, Olivera, PREZELJ, Nina, BOGO\u017dALEC KO\u0160IR, Alexandra, VU\u010cUROVI\u0106, Ana, MILAVEC, Mojca, \u017dUPANI\u010c, An\u017ee, MEHLE, Nata\u0161a, KUTNJAK, Denis. Vode &#8211; vir informacij o naravi in dru\u017ebi.<\/li>\n\n\n\n<li>Poster: MEHLE, Nata\u0161a, BAJDE, Irena, BRODARI\u010c, Jakob, FOX, Adrian, KITEK, Miha, KUTNJAK, Denis, RAVNIKAR, Maja, VU\u010cUROVI\u0106, Ana. Voda in rastni substrat onesna\u017eeni s tobamovirusi &#8211; vir oku\u017ebe rastlin<\/li>\n<\/ul>\n\n\n\n<ol class=\"wp-block-list\" start=\"16\">\n<li>slovensko posvetovanje o varstvu rastlin z mednarodno udele\u017ebo (Bohinjska Bistrica, 5.-6.3.2024):<\/li>\n<\/ol>\n\n\n\n<ul class=\"wp-block-list\">\n<li>Predavanje: MEHLE, Nata\u0161a, BAJDE, Irena, BRODARI\u010c, Jakob, FOX, Adrian, KITEK, Miha, KUTNJAK, Denis, RAVNIKAR, Maja, VU\u010cUROVI\u0106, Ana. Rastni substrat in voda onesna\u017eeni s tobamovirusi so lahko vir oku\u017ebe rastlin&nbsp;<\/li>\n<\/ul>\n\n\n\n<p>8th ISFEV Conference, International Society for Food and Environmental Virology (Tokyo, Japan, 9-14.6.2024):<\/p>\n\n\n\n<ul class=\"wp-block-list\">\n<li>Predavanje: KUTNJAK, Denis, MAKSIMOVI\u0106, Olivera, RIVAREZ, Mark Paul Selda, BA\u010cNIK, Katarina, KOGEJ ZWITTER, Zala, PECMAN, Anja, LENGAR, \u017diva, MEHLE, Nata\u0161a, VU\u010cUROVI\u0106, Ana, RAVNIKAR, Maja, GUTI\u00c9RREZ-AGUIRRE, Ion. Exploring plant virus presence in an agroecosystem through comprehensive virome analysis of weeds, crop plants and irrigation water.<\/li>\n<\/ul>\n\n\n\n<p><em>&nbsp;<\/em>Power of viruses (Zadar, Hrva\u0161ka, 25.-28.9.2024):<\/p>\n\n\n\n<ul class=\"wp-block-list\">\n<li>Poster: MEHLE, Nata\u0161a, BAJDE, Irena, BRODARI\u010c, Jakob, FOX, Adrian, KITEK, Miha, GUTI\u00c9RREZ-AGUIRRE, Ion, KUTNJAK, Denis, BA\u010cNIK, Katarina, RAVNIKAR, Maja, VU\u010cUROVI\u0106, Ana. Water and soil contaminated with emerging tobamoviruses are the source of plant infections.<\/li>\n\n\n\n<li>Poster: KRANJC, Luka, PAJEK ARAMBA\u0160I\u0106, Ne\u017ea, BA\u010cNIK, Katarina, CURK, Toma\u017e, KUTNJAK, Denis. Viral Treasure Hunt: Unearthing Novel Tobamoviruses in Public Databases.<\/li>\n\n\n\n<li>Vabljeno predavanje: VOGRINEC; Lana, PAJEK ARAMBA\u0160I\u0106, Ne\u017ea, CURK, Toma\u017e, KRANJC, Luka, BA\u010cNIK, Katarina, BA\u010cI\u010c Martina, LENGAR, \u017diva, FERLE, Maja, VU\u010cUROVI\u0106, Ana, MEHLE, Nata\u0161a, RAVNIKAR; Maja, GUTIERREZ AGIRRE Ion, KUTNJAK, Denis. Assessing virome diversity across ecosystems: from plants to water samples<\/li>\n<\/ul>\n\n\n\n<p><strong>Vabljeno predavanje na <em>7th Central\u00a0European\u00a0Forum\u00a0for\u00a0Microbiology <\/em>(Siofok, Hungary, October 6-8, 2025)<\/strong><\/p>\n\n\n\n<p>VU\u010cUROVI\u0106, Ana, BAJDE, Irena, BRODARI\u010c, Jakob, KITEK, Miha, MAROHNI\u0106, Marko, GUTI\u00c9RREZ-AGUIRRE, Ion, KUTNJAK, Denis, BA\u010cNIK, Katarina, RAVNIKAR, Maja, MEHLE, Nata\u0161a. Environmental transmission routes of emerging tobamoviruses and other stable plant pathogens. V:\u00a0<em>Abstracts\u00a0of\u00a0the\u00a0<\/em><strong><em>7th Central\u00a0European\u00a0Forum\u00a0for\u00a0Microbiology :\u00a0<\/em><\/strong>Siofok, Hungary, October 6-8, 2025. Siofok: Federation of European Microbiological Societies: Hungarian Society for Microbiology, 2025<\/p>\n\n\n\n<p><strong>Vabljeno predavanje na tuji univerzi:<\/strong><\/p>\n\n\n\n<p>MEHLE, Nata\u0161a, BA\u010cNIK, Katarina, BAJDE, Irena, BRODARI\u010c, Jakob, GUTI\u00c9RREZ-AGUIRRE, Ion, KITEK, Miha, RAVNIKAR, Maja, KUTNJAK, Denis, VU\u010cUROVI\u0106, Ana.&nbsp;<em>Environmental<\/em><em>&nbsp;persistence&nbsp;<\/em><em>and<\/em><em>&nbsp;<\/em><em>detection<\/em><em>&nbsp;<\/em><em>of<\/em><em>&nbsp;<\/em><em>stable<\/em><em>&nbsp;<\/em><em>plant<\/em><em>&nbsp;<\/em><em>viruses<\/em><em>&nbsp;<\/em><em>and<\/em><em>&nbsp;<\/em><em>viroids<\/em><em>&nbsp;in&nbsp;<\/em><em>water<\/em><em>,&nbsp;<\/em><em>growing<\/em><em>&nbsp;substrate&nbsp;<\/em><em>and<\/em><em>&nbsp;<\/em><em>organic<\/em><em>&nbsp;<\/em><em>waste<\/em><em>&nbsp;<\/em><em>fertilisers<\/em><em>&nbsp;: Seminar,&nbsp;<\/em><strong><em>Scientia<\/em><\/strong><strong><em>&nbsp;<\/em><\/strong><strong><em>Terrae<\/em><\/strong><strong><em>&nbsp;<\/em><\/strong><strong><em>Research<\/em><\/strong><strong><em>&nbsp;Institute<\/em><\/strong><em>, 11&nbsp;<\/em><em>June<\/em><em>&nbsp;2025, St.-<\/em><em>Katelijne<\/em><em>\u2013<\/em><em>Waver<\/em><\/p>\n\n\n\n<p><strong>Druga poro\u010dila o rezultatih raziskav, ki so prosto dostopna \u0161ir\u0161i javnosti:<\/strong><\/p>\n\n\n\n<p>MEHLE, Nata\u0161a, BAJDE, Irena, BRODARI\u010c, VU\u010cUROVI\u0106, Ana. Report on the results of the test performance study on detection and identification of tomato mottle mosaic virus (ToMMV) using molecular tests. Version: V2.0. (17.9.2024). Poro\u010dilo bo v kratkem objavljeno na spletni strani Euphresco.<\/p>\n\n\n\n<p>Podatki iz tega poro\u010dila bodo vklju\u010deni in dostopni tudi na EPPO database on diagnostic expertise: <a href=\"https:\/\/dc.eppo.int\/validation_data\/validationlist\">https:\/\/dc.eppo.int\/validation_data\/validationlist<\/a> .<\/p>\n\n\n\n<p><strong>Vklju\u010denost mladih raziskovalcev, dodiplomskih in podiplomskih \u0161tudentov:<\/strong><\/p>\n\n\n\n<p>V delo na projektu, za naloge iz DP2, je bil vklju\u010den \u0161tudent Univerze v Ljubljani &#8211; diplomska in magistrska naloga:<\/p>\n\n\n\n<ul class=\"wp-block-list\">\n<li>KITEK, Miha (mentor Nata\u0161a Mehle). Mo\u017enost raz\u0161irjanja virusa rjave grban\u010davosti plodov paradi\u017enika z vodo : diplomsko delo = Tomato brown rugose fruit virus &#8211; the possibility of water-mediated transmission : B. Sc. thesis. Ljubljana, 2022<\/li>\n\n\n\n<li>KITEK, Miha (mentor Nata\u0161a Mehle; somentor Ana Vu\u010durovi\u0107). Pomen obstojnosti virusa lisavosti in mozaika paradi\u017enika v vodi za \u0161irjenje oku\u017ebe: magistrsko delo \u2013 v teku (zagovor predviden v za\u010detku leta 2025)<\/li>\n<\/ul>\n\n\n\n<p>V delo na projektu, za naloge iz DP3, je bila vklju\u010dena doktorska \u0161tudentka Olivera Maksimovi\u0107 (mentor Ion GUTI\u00c9RREZ-AGUIRRE):<\/p>\n\n\n\n<ul class=\"wp-block-list\">\n<li>Maksimovi\u0107, Olivera. Development and employment of untargeted and targeted tools for virus detection in the frame of water-based epidemiology : PhD thesis. Ljubljana, 2023<\/li>\n<\/ul>\n\n\n\n<p>Delno je bil v delo na projektu vklju\u010den tudi doktorski \u0161tudentk Mark Paul Selda Rivarez (mentor Denis KUTNJAK):<\/p>\n\n\n\n<ul class=\"wp-block-list\">\n<li>RIVAREZ, Mark Paul Selda.&nbsp;Diversity of viruses infecting tomato and weed plants in agroecosystems : doctoral dissertation = Raznolikost virusov paradi\u017enika in plevelnih rastlin v kmetijskih ekosistemih: doktorska disertacija. Ljubljana: [M. P. Selda Rivarez], 2022.<\/li>\n<\/ul>\n","protected":false},"excerpt":{"rendered":"<p>Project report:&nbsp;Project_report Bibliografski in drugi dose\u017eeni rezultati projektne skupine \u017de objavljeni znanstveni \u010dlanki, ki so rezultat tega projekta TIBERINI, Antonio, MANGLLI, Ariana, TAGLIENTI, Anna, VU\u010cUROVI\u0106, Ana, BRODARI\u010c, Jakob, FERRETTI, Luca, LUIGI, Marta, GENTILI, Andrea, MEHLE, Nata\u0161a. Development and validation of a one-step reverse transcription real-time PCR assay for simultaneous detection and identification of tomato mottle [&hellip;]<\/p>\n","protected":false},"author":3,"featured_media":0,"parent":0,"menu_order":3,"comment_status":"closed","ping_status":"closed","template":"page-fullwidth.php","meta":{"footnotes":""},"class_list":["post-30","page","type-page","status-publish","hentry"],"jetpack_sharing_enabled":true,"jetpack_shortlink":"https:\/\/wp.me\/P7OqMV-u","jetpack-related-posts":[],"_links":{"self":[{"href":"https:\/\/projects.nib.si\/tobamo\/wp-json\/wp\/v2\/pages\/30","targetHints":{"allow":["GET"]}}],"collection":[{"href":"https:\/\/projects.nib.si\/tobamo\/wp-json\/wp\/v2\/pages"}],"about":[{"href":"https:\/\/projects.nib.si\/tobamo\/wp-json\/wp\/v2\/types\/page"}],"author":[{"embeddable":true,"href":"https:\/\/projects.nib.si\/tobamo\/wp-json\/wp\/v2\/users\/3"}],"replies":[{"embeddable":true,"href":"https:\/\/projects.nib.si\/tobamo\/wp-json\/wp\/v2\/comments?post=30"}],"version-history":[{"count":50,"href":"https:\/\/projects.nib.si\/tobamo\/wp-json\/wp\/v2\/pages\/30\/revisions"}],"predecessor-version":[{"id":535,"href":"https:\/\/projects.nib.si\/tobamo\/wp-json\/wp\/v2\/pages\/30\/revisions\/535"}],"wp:attachment":[{"href":"https:\/\/projects.nib.si\/tobamo\/wp-json\/wp\/v2\/media?parent=30"}],"curies":[{"name":"wp","href":"https:\/\/api.w.org\/{rel}","templated":true}]}}