{"id":30,"date":"2016-04-05T22:13:00","date_gmt":"2016-04-05T22:13:00","guid":{"rendered":"http:\/\/projects.nib.si\/translate\/?page_id=30"},"modified":"2026-03-26T13:01:00","modified_gmt":"2026-03-26T12:01:00","slug":"references","status":"publish","type":"page","link":"https:\/\/projects.nib.si\/translate\/references\/","title":{"rendered":"Publications"},"content":{"rendered":"\n<ol class=\"wp-block-list\">\n<li>BLEKER, Carissa, RAM\u0160AK, \u017diva, BITTNER, Andras, PODPE\u010cAN, Vid, ZAGOR\u0160\u010cAK, Maja, WURZINGER, Bernhard, BAEBLER, \u0160pela, PETEK, Marko, KRI\u017dNIK, Maja, \u017dUPANI\u010c, An\u017ee, GRUDEN, Kristina, et al. Stress Knowledge Map: A knowledge graph resource for systems biology analysis of plant stress responses. <em>Plant communications<\/em>. 2024. DOI: [COBISS.SI-ID 198383363]<\/li>\n\n\n\n<li>BHATTACHARYYA, Sabarna, BLEKER, Carissa, MEIER, Bastian, GIRIDHAR, Maya, ULLAND RODRIGUEZ, Elena, BRAUN, Adrian Maximilian, PEITER, Edgar, VOTHKNECHT, Ute C., CHIGRI, Fatima. Ca2+-dependent H2O2 response in roots and leaves of barley &#8211; a transcriptomic investigation. <em>BMC Plant Biology<\/em>. 2025. [COBISS.SI-ID 227603715]<\/li>\n\n\n\n<li>ZAGOR\u0160\u010cAK, Maja, ZRIMEC, Jan, BLEKER, Carissa, NOLTE, Nadja Francesca, JUTER\u0160EK, Mojca, RAM\u0160AK, \u017diva, GRUDEN, Kristina, PETEK, Marko. Evidence-based unification of potato gene models with the UniTato collaborative genome browser. <em>Frontiers in Plant Science<\/em>. 2024. [COBISS.SI-ID 198532867]<\/li>\n\n\n\n<li>ZRIMEC, Jan, CORREO, Sandra, ZAGOR\u0160\u010cAK, Maja, PETEK, Marko, BLEKER, Carissa, STARE, Katja, SCHUY, Christian, SONNEWALD, Sophia, GRUDEN, Kristina, NIKOLOSKI, Zoran. Evaluating plant growth\u2013defense trade-offs by modeling the interaction between primary and secondary metabolism. <em>PNAS<\/em>. Aug. 2025, vol. 122, no. 32, DOI: 10.1073\/pnas.2502160122. [COBISS.SI-ID 246042883],<\/li>\n\n\n\n<li>ZAGOR\u0160\u010cAK, Maja, ABDELHAKIM, Lamis, RODRIGUEZ-GRANADOS, Natalia Yaneth, BLEKER, Carissa, BLEJEC, Andrej, ZRIMEC, Jan, BAEBLER, \u0160pela, \u017dUPANI\u010c, An\u017ee, POMPE NOVAK, Maru\u0161a, GRUDEN, Kristina, et al. Integration of multi-omics data and deep phenotyping provides insights into responses to single and combined abiotic stress in potato. <em>Plant physiology. <\/em>2025, vol. 197, iss. 4. DOI: 10.1093\/plphys\/kiaf126. [COBISS.SI-ID 231332611]<\/li>\n<\/ol>\n\n\n\n<p><\/p>\n","protected":false},"excerpt":{"rendered":"","protected":false},"author":3,"featured_media":0,"parent":0,"menu_order":3,"comment_status":"closed","ping_status":"closed","template":"page-fullwidth.php","meta":{"jetpack_post_was_ever_published":false,"footnotes":""},"class_list":["post-30","page","type-page","status-publish","hentry"],"jetpack_sharing_enabled":true,"jetpack_shortlink":"https:\/\/wp.me\/P7OqMV-u","jetpack-related-posts":[],"_links":{"self":[{"href":"https:\/\/projects.nib.si\/translate\/wp-json\/wp\/v2\/pages\/30","targetHints":{"allow":["GET"]}}],"collection":[{"href":"https:\/\/projects.nib.si\/translate\/wp-json\/wp\/v2\/pages"}],"about":[{"href":"https:\/\/projects.nib.si\/translate\/wp-json\/wp\/v2\/types\/page"}],"author":[{"embeddable":true,"href":"https:\/\/projects.nib.si\/translate\/wp-json\/wp\/v2\/users\/3"}],"replies":[{"embeddable":true,"href":"https:\/\/projects.nib.si\/translate\/wp-json\/wp\/v2\/comments?post=30"}],"version-history":[{"count":42,"href":"https:\/\/projects.nib.si\/translate\/wp-json\/wp\/v2\/pages\/30\/revisions"}],"predecessor-version":[{"id":519,"href":"https:\/\/projects.nib.si\/translate\/wp-json\/wp\/v2\/pages\/30\/revisions\/519"}],"wp:attachment":[{"href":"https:\/\/projects.nib.si\/translate\/wp-json\/wp\/v2\/media?parent=30"}],"curies":[{"name":"wp","href":"https:\/\/api.w.org\/{rel}","templated":true}]}}