{"id":612,"date":"2025-10-22T14:54:33","date_gmt":"2025-10-22T13:54:33","guid":{"rendered":"https:\/\/projects.nib.si\/virokomp\/?page_id=612"},"modified":"2026-04-13T14:12:58","modified_gmt":"2026-04-13T13:12:58","slug":"obcanska-znanost-2","status":"publish","type":"page","link":"https:\/\/projects.nib.si\/virokomp\/obcanska-znanost-2\/","title":{"rendered":"Ob\u010danska znanost"},"content":{"rendered":"\n<p><strong><span style=\"font-size: 24px\">Virusi in viroidi pod drobnogledom: Skupaj za varnej\u0161o uporabo gnojil iz organskih odpadkov<\/span><\/strong><\/p>\n\n\n\n<p><strong>Opis projekta<\/strong><\/p>\n\n\n\n<p>Projekt vklju\u010duje javnost v znanstvenoraziskovalno delo, s \u010dimer znanost postaja dostopnej\u0161a \u0161ir\u0161i skupnosti in pove\u010duje razumevanje njenega pomena za dru\u017ebo in okolje. Klju\u010dni cilj je spodbujanje sodelovanja med raziskovalci in ob\u010dani raziskovalci. Aktivnosti predlaganega projekta se ume\u0161\u010dajo v znanstvenoraziskovalno delo, ki se izvaja v okviru projekta L4_60158, katerega naslov je Ocenjevanje tveganj povezanih s prisotnostjo in pre\u017eivetjem rastlinskih virusov in viroidov v kompostu in drugih gnojilih iz organskih odpadkov. Predvidena vloga ob\u010danov raziskovalcev se navezuje na delovni sklop (DS) 2 projekta L4_60158, ki se osredoto\u010da na raziskovanje viroma gnojil iz organskih odpadkov ter povezanih tveganj. Predlagan projekt vklju\u010duje tudi izsledke DS3 projekta L4_60158, ki obravnava pre\u017eivetje virusov in viroidov v teh gnojilih, ter jih uporablja za ozave\u0161\u010devalne in izobra\u017eevalne aktivnosti.<\/p>\n\n\n\n<p>V prvi fazi bo izdelan na\u010drt za ob\u010dansko znanost, ki bo vklju\u010deval metodologijo za sodelovanje z javnostjo, komuniciranje ter zbiranje in obdelavo podatkov. Spletne ankete bodo omogo\u010dile javnosti, da poro\u010da o vrstah in izvoru uporabljenih gnojil ter o praksah njihove uporabe. Na ta na\u010din bomo seznam gnojil, pripravljen v okviru DS2 projekta L4_60158, dopolnili s praksami vrti\u010dkarjev ter profesionalnih pridelovalcev. Rezultati anket bodo predstavljeni v obliki splo\u0161nih ugotovitev in statisti\u010dnih povzetkov. Na podlagi zbranih podatkov bodo izbrani sodelujo\u010di povabljeni k oddaji vzorcev gnojil, za kar bodo prejeli jasna navodila za pravilno odvzemanje in ozna\u010devanje vzorcev. Laboratorijske analize teh vzorcev, ki bodo izvedene v okviru DS2 projekta L4_60158, bodo zagotovile vpogled v prisotnost virusov in viroidov ter prispevale k bolj\u0161emu razumevanju trajnostne uporabe gnojil iz organskih odpadkov. Sodelujo\u010di bodo o rezultatih analiz obve\u0161\u010deni, kar jim bo omogo\u010dilo izbolj\u0161anje njihovih praks pri uporabi gnojil in kompostiranju.<\/p>\n\n\n\n<p>Poleg tega bo predlagan projekt razvil spletni priro\u010dnik za varno ravnanje z oku\u017eenimi rastlinami in ozave\u0161\u010dal javnost o pomenu certificiranih gnojil ter pravilnega ravnanja z organskimi odpadki. Klju\u010dni rezultati projekta bodo \u0161ir\u0161i javnosti in odlo\u010devalcem predstavljeni prek dru\u017ebenih omre\u017eij, poljudnih publikacij ter drugih komunikacijskih kanalov, s \u010dimer bo projekt pripomogel k zmanj\u0161anju tveganj \u0161irjenja rastlinskih patogenov. Z vklju\u010devanjem javnosti v raziskovalne aktivnosti bo projekt gradil most med znanostjo in dru\u017ebo, hkrati pa spodbujal trajnostne re\u0161itve. Sodelujo\u010di bodo pridobili dragoceno znanje o znanstvenih metodah in trajnostnem ravnanju z organskimi odpadki, rezultati pa bodo pripomogli k izbolj\u0161anju praks in ozave\u0161\u010denosti na podro\u010dju trajnostnega razvoja<\/p>\n\n\n\n<p><\/p>\n\n\n\n<p><strong>Trajanje projekta<\/strong><\/p>\n\n\n\n<p>Oktober 2025 \u2013 december 2026<\/p>\n\n\n\n<p><strong>ARIS \u0161tevilka projekta:&nbsp;O4-60158<\/strong><\/p>\n\n\n\n<p><strong>Kontakt<\/strong><\/p>\n\n\n\n<p>Prof. Dr. Nata\u0161a Mehle<br>National Institute of Biology<br>Ve\u010dna pot 121<br>SI-1000 Ljubljana<br>Slovenia<\/p>\n\n\n\n<p>email:natasa.mehle@nib.si<\/p>\n\n\n\n<p><\/p>\n\n\n\n<p><strong>Partnerji<\/strong><\/p>\n\n\n\n<figure class=\"wp-block-image size-large\"><img data-recalc-dims=\"1\" loading=\"lazy\" decoding=\"async\" width=\"1024\" height=\"122\" data-attachment-id=\"335\" data-permalink=\"https:\/\/projects.nib.si\/virokomp\/partners\/logo-nib-rgb\/\" data-orig-file=\"https:\/\/i0.wp.com\/projects.nib.si\/virokomp\/wp-content\/uploads\/sites\/63\/2019\/07\/LOGO-NIB-RGB.jpg?fit=2469%2C295&amp;ssl=1\" data-orig-size=\"2469,295\" data-comments-opened=\"1\" data-image-meta=\"{&quot;aperture&quot;:&quot;0&quot;,&quot;credit&quot;:&quot;&quot;,&quot;camera&quot;:&quot;&quot;,&quot;caption&quot;:&quot;&quot;,&quot;created_timestamp&quot;:&quot;0&quot;,&quot;copyright&quot;:&quot;&quot;,&quot;focal_length&quot;:&quot;0&quot;,&quot;iso&quot;:&quot;0&quot;,&quot;shutter_speed&quot;:&quot;0&quot;,&quot;title&quot;:&quot;&quot;,&quot;orientation&quot;:&quot;1&quot;}\" data-image-title=\"LOGO NIB RGB\" data-image-description=\"\" data-image-caption=\"\" data-medium-file=\"https:\/\/i0.wp.com\/projects.nib.si\/virokomp\/wp-content\/uploads\/sites\/63\/2019\/07\/LOGO-NIB-RGB.jpg?fit=300%2C36&amp;ssl=1\" data-large-file=\"https:\/\/i0.wp.com\/projects.nib.si\/virokomp\/wp-content\/uploads\/sites\/63\/2019\/07\/LOGO-NIB-RGB.jpg?fit=1024%2C122&amp;ssl=1\" src=\"https:\/\/i0.wp.com\/projects.nib.si\/virokomp\/wp-content\/uploads\/sites\/63\/2019\/07\/LOGO-NIB-RGB.jpg?resize=1024%2C122\" alt=\"\" class=\"wp-image-335\" srcset=\"https:\/\/i0.wp.com\/projects.nib.si\/virokomp\/wp-content\/uploads\/sites\/63\/2019\/07\/LOGO-NIB-RGB.jpg?resize=1024%2C122&amp;ssl=1 1024w, https:\/\/i0.wp.com\/projects.nib.si\/virokomp\/wp-content\/uploads\/sites\/63\/2019\/07\/LOGO-NIB-RGB.jpg?resize=300%2C36&amp;ssl=1 300w, https:\/\/i0.wp.com\/projects.nib.si\/virokomp\/wp-content\/uploads\/sites\/63\/2019\/07\/LOGO-NIB-RGB.jpg?resize=768%2C92&amp;ssl=1 768w, https:\/\/i0.wp.com\/projects.nib.si\/virokomp\/wp-content\/uploads\/sites\/63\/2019\/07\/LOGO-NIB-RGB.jpg?w=2000 2000w\" sizes=\"auto, (max-width: 1000px) 100vw, 1000px\" \/><\/figure>\n\n\n\n<figure class=\"wp-block-image size-full is-resized\"><img data-recalc-dims=\"1\" loading=\"lazy\" decoding=\"async\" width=\"914\" height=\"170\" data-attachment-id=\"522\" data-permalink=\"https:\/\/projects.nib.si\/virokomp\/partners\/logo-bf\/\" data-orig-file=\"https:\/\/i0.wp.com\/projects.nib.si\/virokomp\/wp-content\/uploads\/sites\/63\/2025\/01\/Logo-BF.png?fit=914%2C170&amp;ssl=1\" data-orig-size=\"914,170\" data-comments-opened=\"1\" data-image-meta=\"{&quot;aperture&quot;:&quot;0&quot;,&quot;credit&quot;:&quot;&quot;,&quot;camera&quot;:&quot;&quot;,&quot;caption&quot;:&quot;&quot;,&quot;created_timestamp&quot;:&quot;0&quot;,&quot;copyright&quot;:&quot;&quot;,&quot;focal_length&quot;:&quot;0&quot;,&quot;iso&quot;:&quot;0&quot;,&quot;shutter_speed&quot;:&quot;0&quot;,&quot;title&quot;:&quot;&quot;,&quot;orientation&quot;:&quot;0&quot;}\" data-image-title=\"Logo BF\" data-image-description=\"\" data-image-caption=\"\" data-medium-file=\"https:\/\/i0.wp.com\/projects.nib.si\/virokomp\/wp-content\/uploads\/sites\/63\/2025\/01\/Logo-BF.png?fit=300%2C56&amp;ssl=1\" data-large-file=\"https:\/\/i0.wp.com\/projects.nib.si\/virokomp\/wp-content\/uploads\/sites\/63\/2025\/01\/Logo-BF.png?fit=914%2C170&amp;ssl=1\" src=\"https:\/\/i0.wp.com\/projects.nib.si\/virokomp\/wp-content\/uploads\/sites\/63\/2025\/01\/Logo-BF.png?resize=914%2C170\" alt=\"\" class=\"wp-image-522\" style=\"aspect-ratio:5.376470588235295;width:645px;height:auto\" srcset=\"https:\/\/i0.wp.com\/projects.nib.si\/virokomp\/wp-content\/uploads\/sites\/63\/2025\/01\/Logo-BF.png?w=914&amp;ssl=1 914w, https:\/\/i0.wp.com\/projects.nib.si\/virokomp\/wp-content\/uploads\/sites\/63\/2025\/01\/Logo-BF.png?resize=300%2C56&amp;ssl=1 300w, https:\/\/i0.wp.com\/projects.nib.si\/virokomp\/wp-content\/uploads\/sites\/63\/2025\/01\/Logo-BF.png?resize=768%2C143&amp;ssl=1 768w\" sizes=\"auto, (max-width: 914px) 100vw, 914px\" \/><\/figure>\n\n\n\n<p><\/p>\n\n\n\n<p><strong>Financer<\/strong><\/p>\n\n\n\n<figure class=\"wp-block-image size-large is-resized\"><img data-recalc-dims=\"1\" loading=\"lazy\" decoding=\"async\" width=\"1024\" height=\"212\" data-attachment-id=\"476\" data-permalink=\"https:\/\/projects.nib.si\/virokomp\/short-description\/arislogoslo\/\" data-orig-file=\"https:\/\/i0.wp.com\/projects.nib.si\/virokomp\/wp-content\/uploads\/sites\/63\/2024\/03\/ARISLogoSlo-scaled.jpg?fit=2560%2C530&amp;ssl=1\" data-orig-size=\"2560,530\" data-comments-opened=\"1\" data-image-meta=\"{&quot;aperture&quot;:&quot;0&quot;,&quot;credit&quot;:&quot;&quot;,&quot;camera&quot;:&quot;&quot;,&quot;caption&quot;:&quot;&quot;,&quot;created_timestamp&quot;:&quot;0&quot;,&quot;copyright&quot;:&quot;&quot;,&quot;focal_length&quot;:&quot;0&quot;,&quot;iso&quot;:&quot;0&quot;,&quot;shutter_speed&quot;:&quot;0&quot;,&quot;title&quot;:&quot;&quot;,&quot;orientation&quot;:&quot;0&quot;}\" data-image-title=\"ARISLogoSlo\" data-image-description=\"\" data-image-caption=\"\" data-medium-file=\"https:\/\/i0.wp.com\/projects.nib.si\/virokomp\/wp-content\/uploads\/sites\/63\/2024\/03\/ARISLogoSlo-scaled.jpg?fit=300%2C62&amp;ssl=1\" data-large-file=\"https:\/\/i0.wp.com\/projects.nib.si\/virokomp\/wp-content\/uploads\/sites\/63\/2024\/03\/ARISLogoSlo-scaled.jpg?fit=1024%2C212&amp;ssl=1\" src=\"https:\/\/i0.wp.com\/projects.nib.si\/virokomp\/wp-content\/uploads\/sites\/63\/2024\/03\/ARISLogoSlo.jpg?resize=1024%2C212\" alt=\"\" class=\"wp-image-476\" style=\"aspect-ratio:4.830188679245283;width:546px;height:auto\" srcset=\"https:\/\/i0.wp.com\/projects.nib.si\/virokomp\/wp-content\/uploads\/sites\/63\/2024\/03\/ARISLogoSlo-scaled.jpg?resize=1024%2C212&amp;ssl=1 1024w, https:\/\/i0.wp.com\/projects.nib.si\/virokomp\/wp-content\/uploads\/sites\/63\/2024\/03\/ARISLogoSlo-scaled.jpg?resize=300%2C62&amp;ssl=1 300w, https:\/\/i0.wp.com\/projects.nib.si\/virokomp\/wp-content\/uploads\/sites\/63\/2024\/03\/ARISLogoSlo-scaled.jpg?resize=768%2C159&amp;ssl=1 768w, https:\/\/i0.wp.com\/projects.nib.si\/virokomp\/wp-content\/uploads\/sites\/63\/2024\/03\/ARISLogoSlo-scaled.jpg?resize=1536%2C318&amp;ssl=1 1536w, https:\/\/i0.wp.com\/projects.nib.si\/virokomp\/wp-content\/uploads\/sites\/63\/2024\/03\/ARISLogoSlo-scaled.jpg?resize=2048%2C424&amp;ssl=1 2048w\" sizes=\"auto, (max-width: 1000px) 100vw, 1000px\" \/><\/figure>\n\n\n\n<p><\/p>\n\n\n\n<p><strong>Aktivnosti projekta<\/strong><\/p>\n\n\n\n<ul class=\"wp-block-list\">\n<li>Priprava in distribucija ankete (predvidoma bo dostopna tudi na tej spletni strani v za\u010detku leta 2026) ter navodil za odvzem vzorcev.<\/li>\n\n\n\n<li>Zbiranje in laboratorijska analiza prejetih vzorcev gnojil na prisotnost rastlinskih virusov in viroidov.<\/li>\n\n\n\n<li>Obdelava in interpretacija podatkov, priprava izobra\u017eevalnih vsebin ter diseminacija rezultatov.<\/li>\n<\/ul>\n\n\n\n<p><\/p>\n\n\n\n<p><strong>Obvestilo za javnost<\/strong><\/p>\n\n\n\n<p>klik na: <a href=\"http:\/\/projects.nib.si\/virokomp\/wp-content\/uploads\/sites\/63\/2025\/12\/Obvestilo_za_javnost_VIROKOMP_CIT_spletna_stran.pdf\" data-type=\"link\" data-id=\"http:\/\/projects.nib.si\/virokomp\/wp-content\/uploads\/sites\/63\/2025\/12\/Obvestilo_za_javnost_VIROKOMP_CIT_spletna_stran.pdf\">Obvestilo za javnost<\/a><\/p>\n\n\n\n<figure class=\"wp-block-image size-large is-resized\"><img data-recalc-dims=\"1\" loading=\"lazy\" decoding=\"async\" width=\"1024\" height=\"576\" data-attachment-id=\"651\" data-permalink=\"https:\/\/projects.nib.si\/virokomp\/obcanska-znanost-2\/obcanska_virokomp-2\/\" data-orig-file=\"https:\/\/i0.wp.com\/projects.nib.si\/virokomp\/wp-content\/uploads\/sites\/63\/2025\/12\/obcanska_virokomp-scaled.jpg?fit=2560%2C1440&amp;ssl=1\" data-orig-size=\"2560,1440\" data-comments-opened=\"1\" data-image-meta=\"{&quot;aperture&quot;:&quot;0&quot;,&quot;credit&quot;:&quot;&quot;,&quot;camera&quot;:&quot;&quot;,&quot;caption&quot;:&quot;&quot;,&quot;created_timestamp&quot;:&quot;0&quot;,&quot;copyright&quot;:&quot;&quot;,&quot;focal_length&quot;:&quot;0&quot;,&quot;iso&quot;:&quot;0&quot;,&quot;shutter_speed&quot;:&quot;0&quot;,&quot;title&quot;:&quot;&quot;,&quot;orientation&quot;:&quot;0&quot;}\" data-image-title=\"ob\u010danska_virokomp\" data-image-description=\"\" data-image-caption=\"\" data-medium-file=\"https:\/\/i0.wp.com\/projects.nib.si\/virokomp\/wp-content\/uploads\/sites\/63\/2025\/12\/obcanska_virokomp-scaled.jpg?fit=300%2C169&amp;ssl=1\" data-large-file=\"https:\/\/i0.wp.com\/projects.nib.si\/virokomp\/wp-content\/uploads\/sites\/63\/2025\/12\/obcanska_virokomp-scaled.jpg?fit=1024%2C576&amp;ssl=1\" src=\"https:\/\/i0.wp.com\/projects.nib.si\/virokomp\/wp-content\/uploads\/sites\/63\/2025\/12\/obcanska_virokomp.jpg?resize=1024%2C576\" alt=\"\" class=\"wp-image-651\" style=\"aspect-ratio:1.7777777777777777;width:645px;height:auto\" srcset=\"https:\/\/i0.wp.com\/projects.nib.si\/virokomp\/wp-content\/uploads\/sites\/63\/2025\/12\/obcanska_virokomp-scaled.jpg?resize=1024%2C576&amp;ssl=1 1024w, https:\/\/i0.wp.com\/projects.nib.si\/virokomp\/wp-content\/uploads\/sites\/63\/2025\/12\/obcanska_virokomp-scaled.jpg?resize=300%2C169&amp;ssl=1 300w, https:\/\/i0.wp.com\/projects.nib.si\/virokomp\/wp-content\/uploads\/sites\/63\/2025\/12\/obcanska_virokomp-scaled.jpg?resize=768%2C432&amp;ssl=1 768w, https:\/\/i0.wp.com\/projects.nib.si\/virokomp\/wp-content\/uploads\/sites\/63\/2025\/12\/obcanska_virokomp-scaled.jpg?resize=1536%2C864&amp;ssl=1 1536w, https:\/\/i0.wp.com\/projects.nib.si\/virokomp\/wp-content\/uploads\/sites\/63\/2025\/12\/obcanska_virokomp-scaled.jpg?resize=2048%2C1152&amp;ssl=1 2048w\" sizes=\"auto, (max-width: 1000px) 100vw, 1000px\" \/><\/figure>\n\n\n\n<p><\/p>\n\n\n\n<p><strong>ANKETA JE ZAPRTA!<\/strong> <strong><strong>Vabimo vas k sodelovanju v raziskavi o varnosti komposta in drugih gnojil iz organskih odpadkov<\/strong>.<\/strong><\/p>\n\n\n\n<p>Kompost in druga organska gnojila so pomemben gradnik kro\u017enega gospodarstva \u2013 zmanj\u0161ujejo odpadke, vra\u010dajo hranila v tla in dolgoro\u010dno podpirajo trajnostno kmetijstvo.<br>Kadar pa kompostiranje ni ustrezno izvedeno, lahko v materialu pre\u017eivijo rastlinski virusi in viroidi, ki predstavljajo tveganje tako za pridelovalce kot za ljubiteljske vrtnarje.<\/p>\n\n\n\n<p>V okviru projekta \u00bbVirusi in viroidi pod drobnogledom\u00ab \u017eelimo bolje razumeti, kako pogosto se ti patogeni pojavljajo v kompostu in drugih organskih gnojilih ter kako zmanj\u0161ati tveganja, povezana z njihovo uporabo.<\/p>\n\n\n\n<p>\ud83c\udfaf Kako lahko prispevate?<\/p>\n\n\n\n<p>Vabimo vas, da izpolnite kratko anketo o ravnanju s kompostom in drugimi organskimi gnojili.<br>\ud83d\udcc5 Anketa bo odprta do 15. marca 2026.<\/p>\n\n\n\n<p>Med sodelujo\u010dimi bomo izbrali nekaj posameznikov, ki bodo izrazili interes za nadaljnje sodelovanje. Tem bomo (predvidoma aprila ali maja 2026) omogo\u010dili po\u0161iljanje vzorcev komposta za analizo na prisotnost rastlinskih virusov in viroidov.  <\/p>\n\n\n\n<p>Povezava na anketo: <a href=\"https:\/\/nib.1ka.si\/kompost\" data-type=\"link\" data-id=\"https:\/\/nib.1ka.si\/kompost\">https:\/\/nib.1ka.si\/kompost<\/a> ali skenirajte QR kodo:<\/p>\n\n\n\n<figure class=\"wp-block-image size-large is-resized\"><img data-recalc-dims=\"1\" loading=\"lazy\" decoding=\"async\" width=\"1024\" height=\"1024\" data-attachment-id=\"671\" data-permalink=\"https:\/\/projects.nib.si\/virokomp\/obcanska-znanost-2\/qr-code\/\" data-orig-file=\"https:\/\/i0.wp.com\/projects.nib.si\/virokomp\/wp-content\/uploads\/sites\/63\/2026\/02\/qr-code.png?fit=1147%2C1147&amp;ssl=1\" data-orig-size=\"1147,1147\" data-comments-opened=\"1\" data-image-meta=\"{&quot;aperture&quot;:&quot;0&quot;,&quot;credit&quot;:&quot;&quot;,&quot;camera&quot;:&quot;&quot;,&quot;caption&quot;:&quot;&quot;,&quot;created_timestamp&quot;:&quot;0&quot;,&quot;copyright&quot;:&quot;&quot;,&quot;focal_length&quot;:&quot;0&quot;,&quot;iso&quot;:&quot;0&quot;,&quot;shutter_speed&quot;:&quot;0&quot;,&quot;title&quot;:&quot;&quot;,&quot;orientation&quot;:&quot;0&quot;}\" data-image-title=\"qr-code\" data-image-description=\"\" data-image-caption=\"\" data-medium-file=\"https:\/\/i0.wp.com\/projects.nib.si\/virokomp\/wp-content\/uploads\/sites\/63\/2026\/02\/qr-code.png?fit=300%2C300&amp;ssl=1\" data-large-file=\"https:\/\/i0.wp.com\/projects.nib.si\/virokomp\/wp-content\/uploads\/sites\/63\/2026\/02\/qr-code.png?fit=1024%2C1024&amp;ssl=1\" src=\"https:\/\/i0.wp.com\/projects.nib.si\/virokomp\/wp-content\/uploads\/sites\/63\/2026\/02\/qr-code-1024x1024.png?resize=1024%2C1024&#038;ssl=1\" alt=\"\" class=\"wp-image-671\" style=\"aspect-ratio:1;width:304px;height:auto\" srcset=\"https:\/\/i0.wp.com\/projects.nib.si\/virokomp\/wp-content\/uploads\/sites\/63\/2026\/02\/qr-code.png?resize=1024%2C1024&amp;ssl=1 1024w, https:\/\/i0.wp.com\/projects.nib.si\/virokomp\/wp-content\/uploads\/sites\/63\/2026\/02\/qr-code.png?resize=300%2C300&amp;ssl=1 300w, https:\/\/i0.wp.com\/projects.nib.si\/virokomp\/wp-content\/uploads\/sites\/63\/2026\/02\/qr-code.png?resize=150%2C150&amp;ssl=1 150w, https:\/\/i0.wp.com\/projects.nib.si\/virokomp\/wp-content\/uploads\/sites\/63\/2026\/02\/qr-code.png?resize=768%2C768&amp;ssl=1 768w, https:\/\/i0.wp.com\/projects.nib.si\/virokomp\/wp-content\/uploads\/sites\/63\/2026\/02\/qr-code.png?w=1147&amp;ssl=1 1147w\" sizes=\"auto, (max-width: 1000px) 100vw, 1000px\" \/><\/figure>\n\n\n\n<p><\/p>\n\n\n\n<p><strong>Publikacije<\/strong>:<\/p>\n\n\n\n<p><strong>Poro\u010dilo o rezultatih ankete ob\u010danske znanosti:<\/strong><\/p>\n\n\n\n<p>kliknite na povezavo: <a href=\"http:\/\/projects.nib.si\/virokomp\/wp-content\/uploads\/sites\/63\/2026\/04\/Porocilo-anketa.pdf\" data-type=\"link\" data-id=\"http:\/\/projects.nib.si\/virokomp\/wp-content\/uploads\/sites\/63\/2026\/04\/Porocilo-anketa.pdf\">poro\u010dilo_anketa<\/a><\/p>\n\n\n\n<p><\/p>\n","protected":false},"excerpt":{"rendered":"<p>Virusi in viroidi pod drobnogledom: Skupaj za varnej\u0161o uporabo gnojil iz organskih odpadkov Opis projekta Projekt vklju\u010duje javnost v znanstvenoraziskovalno delo, s \u010dimer znanost postaja dostopnej\u0161a \u0161ir\u0161i skupnosti in pove\u010duje razumevanje njenega pomena za dru\u017ebo in okolje. Klju\u010dni cilj je spodbujanje sodelovanja med raziskovalci in ob\u010dani raziskovalci. Aktivnosti predlaganega projekta se ume\u0161\u010dajo v znanstvenoraziskovalno delo, [&hellip;]<\/p>\n","protected":false},"author":42,"featured_media":0,"parent":0,"menu_order":0,"comment_status":"closed","ping_status":"closed","template":"","meta":{"footnotes":""},"class_list":["post-612","page","type-page","status-publish","hentry"],"jetpack_sharing_enabled":true,"jetpack_shortlink":"https:\/\/wp.me\/Ph8N9r-9S","jetpack-related-posts":[],"_links":{"self":[{"href":"https:\/\/projects.nib.si\/virokomp\/wp-json\/wp\/v2\/pages\/612","targetHints":{"allow":["GET"]}}],"collection":[{"href":"https:\/\/projects.nib.si\/virokomp\/wp-json\/wp\/v2\/pages"}],"about":[{"href":"https:\/\/projects.nib.si\/virokomp\/wp-json\/wp\/v2\/types\/page"}],"author":[{"embeddable":true,"href":"https:\/\/projects.nib.si\/virokomp\/wp-json\/wp\/v2\/users\/42"}],"replies":[{"embeddable":true,"href":"https:\/\/projects.nib.si\/virokomp\/wp-json\/wp\/v2\/comments?post=612"}],"version-history":[{"count":30,"href":"https:\/\/projects.nib.si\/virokomp\/wp-json\/wp\/v2\/pages\/612\/revisions"}],"predecessor-version":[{"id":698,"href":"https:\/\/projects.nib.si\/virokomp\/wp-json\/wp\/v2\/pages\/612\/revisions\/698"}],"wp:attachment":[{"href":"https:\/\/projects.nib.si\/virokomp\/wp-json\/wp\/v2\/media?parent=612"}],"curies":[{"name":"wp","href":"https:\/\/api.w.org\/{rel}","templated":true}]}}