{"id":30,"date":"2016-04-05T22:13:00","date_gmt":"2016-04-05T22:13:00","guid":{"rendered":"http:\/\/projects.nib.si\/virout\/?page_id=30"},"modified":"2020-05-06T13:08:34","modified_gmt":"2020-05-06T12:08:34","slug":"references","status":"publish","type":"page","link":"https:\/\/projects.nib.si\/virout\/references\/","title":{"rendered":"Publications"},"content":{"rendered":"<h2>Publications resulting from the project:<\/h2>\n<h3>ARTICLES AND OTHER COMPONENT PARTS<\/h3>\n<h3><\/h3>\n<p>&nbsp;<\/p>\n<h4>1.01 Original scientific article<\/h4>\n<ul>\n<li>FILIPI\u0106, Arijana, PRIMC, Gregor, ZAPLOTNIK, Rok, MEHLE, Nata\u0161a, GUTI\u00c9RREZ-AGUIRRE, Ion, RAVNIKAR, Maja, MOZETI\u010c, Miran, \u017dEL, Jana, DOBNIK, David. Cold atmospheric plasma as a novel method for inactivation of potato virus Y in water samples.\u00a0<i>Food and environmental virology<\/i>. 2019, vol. 11, iss. 3, str. 220-228. ISSN 1867-0334. DOI:\u00a0<a href=\"https:\/\/dx.doi.org\/10.1007\/s12560-019-09388-y\" target=\"_blank\">10.1007\/s12560-019-09388-y<\/a>. [COBISS.SI-ID\u00a0<a href=\"https:\/\/plus.si.cobiss.net\/opac7\/bib\/5060943?lang=en\" target=\"_blank\">5060943<\/a>], [<a href=\"https:\/\/plus.si.cobiss.net\/opac7\/jcr?c=sc=1867-0334+and+PY=2018&amp;r1=true&amp;lang=en\" target=\"_blank\">JCR<\/a>,\u00a0<a href=\"https:\/\/plus.si.cobiss.net\/opac7\/snip?c=sc=1867-0334+and+PY=2018&amp;r1=true&amp;lang=en\" target=\"_blank\">SNIP<\/a>,\u00a0<a href=\"http:\/\/gateway.isiknowledge.com\/gateway\/Gateway.cgi?GWVersion=2&amp;SrcAuth=Alerting&amp;SrcApp=Alerting&amp;DestApp=WOS&amp;DestLinkType=FullRecord&amp;UT=000480501400003\" target=\"_blank\">WoS<\/a>\u00a0up to 15. 3. 2020: no. of citations (TC): 2, without self-citations (CI): 2,\u00a0<a href=\"http:\/\/www.scopus.com\/inward\/record.url?partnerID=2dRBettD&amp;eid=2-s2.0-85065191691\" target=\"_blank\">Scopus<\/a>\u00a0up to 29. 2. 2020: no. of citations (TC): 2, without self-citations (CI): 2]<\/li>\n<\/ul>\n<h3><\/h3>\n<p>&nbsp;<\/p>\n<h4>1.02 Review article<\/h4>\n<ul>\n<li>FILIPI\u0106, Arijana, GUTI\u00c9RREZ-AGUIRRE, Ion, PRIMC, Gregor, MOZETI\u010c, Miran, DOBNIK, David. Cold plasma, a new hope in the field of virus inactivation.\u00a0<i>Trends in biotechnology<\/i>. [Print ed.]. [in press] 2020, 39 str. ISSN 0167-7799. DOI:\u00a0<a href=\"https:\/\/dx.doi.org\/1016\/j.tibtech.2020.04.003\" target=\"_blank\">1016\/j.tibtech.2020.04.003<\/a>. [COBISS.SI-ID\u00a0<a href=\"https:\/\/plus.si.cobiss.net\/opac7\/bib\/33308199?lang=en\" target=\"_blank\">33308199<\/a>], [<a href=\"https:\/\/plus.si.cobiss.net\/opac7\/jcr?c=sc=0167-7799+and+PY=2018&amp;r1=true&amp;lang=en\" target=\"_blank\">JCR<\/a>,\u00a0<a href=\"https:\/\/plus.si.cobiss.net\/opac7\/snip?c=sc=0167-7799+and+PY=2018&amp;r1=true&amp;lang=en\" target=\"_blank\">SNIP<\/a>]<\/li>\n<\/ul>\n<h3><\/h3>\n<p>&nbsp;<\/p>\n<h4>1.10 Published scientific conference contribution abstract (invited lecture)<\/h4>\n<ul>\n<li>RAVNIKAR, Maja, FILIPI\u0106, Arijana, DOBNIK, David, LUKE\u017dI\u010c, Tadeja, \u017dEL, Jana, KUTNJAK, Denis, MEHLE, Nata\u0161a, TU\u0160EK-\u017dNIDARI\u010c, Magda, GUTI\u00c9RREZ-AGUIRRE, Ion. Combination of different analytical methods can identify the effects of water purification\/disinfection treatments. In: PRIMC, Gregor (ed.).\u00a0<i>8th Central European Symposium on Plasma Chemistry, 26th to 30th may 2019, Gozd Martuljek, Slovenia<\/i>. Ljubljana: Plasmadis, 2019. Str. 39-40. ISBN 978-961-94716-0-9. [COBISS.SI-ID\u00a0<a href=\"https:\/\/plus.si.cobiss.net\/opac7\/bib\/5083215?lang=en\" target=\"_blank\">5083215<\/a>]<\/li>\n<li class=\"rec\"><a name=\"4\"><\/a>FILIPI\u0106, Arijana, LUKE\u017dI\u010c, Tadeja, TU\u0160EK-\u017dNIDARI\u010c, Magda, PRIMC, Gregor, ZAPLOTNIK, Rok, MEHLE, Nata\u0161a, GUTI\u00c9RREZ-AGUIRRE, Ion, RAVNIKAR, Maja, MOZETI\u010c, Miran, \u017dEL, Jana, DOBNIK, David. Effective virus inactivation in water by cold atmospheric plasma. In: PRIMC, Gregor (ed.).\u00a0<i>8th Central European Symposium on Plasma Chemistry, 26th to 30th may 2019, Gozd Martuljek, Slovenia<\/i>. Ljubljana: Plasmadis, 2019. Str. 25-26. ISBN 978-961-94716-0-9. [COBISS.SI-ID\u00a0<a href=\"https:\/\/plus.si.cobiss.net\/opac7\/bib\/5082959?lang=en\" target=\"_blank\">5082959<\/a>]<\/li>\n<li class=\"rec\"><a name=\"5\"><\/a>FILIPI\u0106, Arijana, LUKE\u017dI\u010c, Tadeja, TU\u0160EK-\u017dNIDARI\u010c, Magda, ZAPLOTNIK, Rok, PRIMC, Gregor, MEHLE, Nata\u0161a, GUTI\u00c9RREZ-AGUIRRE, Ion, RAVNIKAR, Maja, MOZETI\u010c, Miran, DOBNIK, David, \u017dEL, Jana. Safer water with plasma. In: MI\u010cETI\u0106, Maja (ed.), KARLU\u0160I\u0106, Marko (ed.).\u00a0<i>Book of abstracts<\/i>. 26. me\u0111unarodni znanstveni sastanak Vakuumska znanost i tehnika, Njivice, 16.-17. svibanj 2019. Zagreb: Hrvatsko vakuumsko dru\u0161tvo = Croatian Vacuum Society, 2019. Str. 26-27. ISBN 978-953-7941-31-4. [COBISS.SI-ID\u00a0<a href=\"https:\/\/plus.si.cobiss.net\/opac7\/bib\/5071695?lang=en\" target=\"_blank\">5071695<\/a>]<\/li>\n<\/ul>\n<div class=\"rec\"><\/div>\n<h3><\/h3>\n<p>&nbsp;<\/p>\n<h4>1.12 Published scientific conference contribution abstract<\/h4>\n<ul>\n<li>FILIPI\u0106, Arijana, LUKE\u017dI\u010c, Tadeja, TU\u0160EK-\u017dNIDARI\u010c, Magda, PRIMC, Gregor, MEHLE, Nata\u0161a, GUTI\u00c9RREZ-AGUIRRE, Ion, RAVNIKAR, Maja, MOZETI\u010c, Miran, DOBNIK, David, \u017dEL, Jana. Inactivation of MS2 bacteriophage with cold atmospheric plasma. In: PRIMC, Gregor (ed.).\u00a0<i>8th Central European Symposium on Plasma Chemistry, 26th to 30th may 2019, Gozd Martuljek, Slovenia<\/i>. Ljubljana: Plasmadis, 2019. Str. 58-59. ISBN 978-961-94716-0-9. [COBISS.SI-ID\u00a0<a href=\"https:\/\/plus.si.cobiss.net\/opac7\/bib\/5083471?lang=en\" target=\"_blank\">5083471<\/a>]<\/li>\n<li class=\"rec\"><a name=\"7\"><\/a>FILIPI\u0106, Arijana, PRIMC, Gregor, MEHLE, Nata\u0161a, GUTI\u00c9RREZ-AGUIRRE, Ion, RAVNIKAR, Maja, MOZETI\u010c, Miran, DOBNIK, David, \u017dEL, Jana. Fourth state of matter for virus inactivation in water. In:\u00a0<i>Abstracts book, oral presentations<\/i>. 9th International Young Water Professionals Conference, 23-27 June 2019, Toronto, Canada. [Toronto?: s. n., 2019]. Str. 65-66.\u00a0<a href=\"https:\/\/iwa-youngwaterprofessionals.org\/wp-content\/uploads\/2019\/06\/Abstracts-Book-Oral-Presentations-IYWPC-2019.pdf\" target=\"_blank\">https:\/\/iwa-youngwaterprofessionals.org\/wp-content\/uploads\/2019\/06\/Abstracts-Book-Oral-Presentations-IYWPC-2019.pdf<\/a>. [COBISS.SI-ID\u00a0<a href=\"https:\/\/plus.si.cobiss.net\/opac7\/bib\/5140815?lang=en\" target=\"_blank\">5140815<\/a>]<\/li>\n<li class=\"rec\"><a name=\"8\"><\/a>FILIPI\u0106, Arijana, LUKE\u017dI\u010c, Tadeja, TU\u0160EK-\u017dNIDARI\u010c, Magda, PRIMC, Gregor, ZAPLOTNIK, Rok, MEHLE, Nata\u0161a, GUTI\u00c9RREZ-AGUIRRE, Ion, RAVNIKAR, Maja, MOZETI\u010c, Miran, DOBNIK, David, \u017dEL, Jana. Virus inactivation in water by plasma. In: TOPOLE, Martin (ed.), et al.\u00a0<i>Knjiga povzetkov : science of the future how to stay up-tod-date with your research! = Book of abstracts<\/i>. 11. \u0161tudentska konferenca Mednarodne podiplomske \u0161ole Jo\u017eefa Stefana in 13. dneva mladih raziskovalcev (Konferenca KMBO), 15. in 16. april 2019, Planica, Slovenija = 11th Jo\u017eef Stefan International Postgraduate School Students&#8217; Conference and 13th Young Researchers&#8217; Day, 15th and 16th May 2019, Planica, Slovenia. Ljubljana: Mednarodna podiplomska \u0161ola Jo\u017eefa Stefana: = Jo\u017eef Stefan International Postgraduate School: In\u0161titut Jo\u017eef Stefan: = Jo\u017eef Stefan Institute, 2019. Str. 36-37.\u00a0<a href=\"http:\/\/ipssc.mps.si\/Proceedings\/Proceedings2019.pdf\" target=\"_blank\">http:\/\/ipssc.mps.si\/Proceedings\/Proceedings2019.pdf<\/a>. [COBISS.SI-ID\u00a0<a href=\"https:\/\/plus.si.cobiss.net\/opac7\/bib\/5071951?lang=en\" target=\"_blank\">5071951<\/a>]<\/li>\n<li class=\"rec\"><a name=\"9\"><\/a>FILIPI\u0106, Arijana, LUKE\u017dI\u010c, Tadeja, TU\u0160EK-\u017dNIDARI\u010c, Magda, PRIMC, Gregor, MEHLE, Nata\u0161a, GUTI\u00c9RREZ-AGUIRRE, Ion, RAVNIKAR, Maja, MOZETI\u010c, Miran, DOBNIK, David, \u017dEL, Jana. Removal of different viruses in water by plasma. In: FEIERABEND, Maryna (ed.).\u00a0<i>Water for all &#8211; water for nature, reliable water supply, wastewater treatment and reuse : book of abstracts<\/i>. 11th Eastern European Young Water Professionals Conference, 1-5 October 2019, Prague, Czech Republic. 1st ed. Prague: University of Chemistry and Technology, 2019. Str. 33-34. ISBN 978-80-7592-054-6.\u00a0<a href=\"https:\/\/iwa-ywp.eu\/wp-content\/uploads\/2019\/09\/Book-of-Abstracts_ISBN-978-80-7592-054-6.pdf\" target=\"_blank\">https:\/\/iwa-ywp.eu\/wp-content\/uploads\/2019\/09\/Book-of-Abstracts_ISBN-978-80-7592-054-6.pdf<\/a>. [COBISS.SI-ID\u00a0<a href=\"https:\/\/plus.si.cobiss.net\/opac7\/bib\/5190223?lang=en\" target=\"_blank\">5190223<\/a>]<\/li>\n<li class=\"rec\"><a name=\"10\"><\/a>LUKE\u017dI\u010c, Tadeja, FILIPI\u0106, Arijana, \u017dEL, Jana, DOBNIK, David, MEHLE, Nata\u0161a, PRIMC, Gregor, MOZETI\u010c, Miran, KOSEL, Janez, DREO, Tanja, RAVNIKAR, Maja, DULAR, Matev\u017e, GUTI\u00c9RREZ-AGUIRRE, Ion. Hidrodynamic cavitation, a powerful tool for waterborne virus inactivation. In:\u00a0<i>Book of abstracts, oral and poster presentations<\/i>. 6th Food and Environmental Virology Conference, October 7-10, Arizona State University in Tempe, Arizona, USA. [S. l.: s. n., 2018].\u00a0<a href=\"https:\/\/wet.asu.edu\/wp-content\/uploads\/2018\/10\/AbstractsISFEV.pdf\" target=\"_blank\">https:\/\/wet.asu.edu\/wp-content\/uploads\/2018\/10\/AbstractsISFEV.pdf<\/a>. [COBISS.SI-ID\u00a0<a href=\"https:\/\/plus.si.cobiss.net\/opac7\/bib\/4874063?lang=en\" target=\"_blank\">4874063<\/a>]<\/li>\n<li class=\"rec\"><a name=\"11\"><\/a>FILIPI\u0106, Arijana, DOBNIK, David, MEHLE, Nata\u0161a, PRIMC, Gregor, MOZETI\u010c, Miran, RAVNIKAR, Maja, \u017dEL, Jana. Inactivating viruses in water with cold atmospheric plasma. In: FEIERABEND, Maryna (ed.).\u00a0<i>New technologies in water sector : book of abstracts<\/i>. 10th Eastern European Young Water Professionals Conference, 7-12 May 2018 Zagreb, Croatia. Zagreb: University, 2018. Str. 47-48. ISBN 978-953-8168-23-9. [COBISS.SI-ID\u00a0<a href=\"https:\/\/plus.si.cobiss.net\/opac7\/bib\/4694095?lang=en\" target=\"_blank\">4694095<\/a>]<\/li>\n<li class=\"rec\"><a name=\"12\"><\/a>RAVNIKAR, Maja, KUTNJAK, Denis, MEHLE, Nata\u0161a, PECMAN, Anja, BA\u010cNIK, Katarina, KOSEL, Janez, DULAR, Matev\u017e, FILIPI\u0106, Arijana, DOBNIK, David, \u017dEL, Jana, PRIMC, Gregor, MOZETI\u010c, Miran, GUTI\u00c9RREZ-AGUIRRE, Ion. Water mediated virus transmission: sources, detection and inactivation. In:\u00a0<i>Plant health in a global economy<\/i>. [S. l.: s. n., 2018]. Vol. 108, no. 10s, str. 205. Phytopathology (Online), vol. 108, no. 10S. ISSN 1943-7684.\u00a0<a href=\"https:\/\/apsnet.confex.com\/apsnet\/ICPP2018\/meetingapp.cgi\/Paper\/10640\" target=\"_blank\">https:\/\/apsnet.confex.com\/apsnet\/ICPP2018\/meetingapp.cgi\/Paper\/10640<\/a>,\u00a0<a href=\"https:\/\/apsjournals.apsnet.org\/doi\/pdf\/10.1094\/PHYTO-108-10-S1.1\" target=\"_blank\">https:\/\/apsjournals.apsnet.org\/doi\/pdf\/10.1094\/PHYTO-108-10-S1.1<\/a>. [COBISS.SI-ID\u00a0<a href=\"https:\/\/plus.si.cobiss.net\/opac7\/bib\/4793935?lang=en\" target=\"_blank\">4793935<\/a>], [<a href=\"https:\/\/plus.si.cobiss.net\/opac7\/jcr?c=sc=0031-949X+and+PY=2018&amp;r1=true&amp;lang=en\" target=\"_blank\">JCR<\/a>,\u00a0<a href=\"https:\/\/plus.si.cobiss.net\/opac7\/snip?c=sc=0031-949X+and+PY=2018&amp;r1=true&amp;lang=en\" target=\"_blank\">SNIP<\/a>]<\/li>\n<li class=\"rec\"><a name=\"13\"><\/a>FILIPI\u0106, Arijana, DOBNIK, David, MEHLE, Nata\u0161a, PRIMC, Gregor, MOZETI\u010c, Miran, RAVNIKAR, Maja, \u017dEL, Jana. Water decontamination with cold atmospheric plasma. In:\u00a0<i>Scientific program &amp; book of abstracts<\/i>. Padova: Padova University Press, 2018. Str. 131. ISBN 978-88-6938-129-4. [COBISS.SI-ID\u00a0<a href=\"https:\/\/plus.si.cobiss.net\/opac7\/bib\/4745039?lang=en\" target=\"_blank\">4745039<\/a>]<\/li>\n<li class=\"rec\"><a name=\"14\"><\/a>FILIPI\u0106, Arijana, DOBNIK, David, MEHLE, Nata\u0161a, PRIMC, Gregor, JUNKAR, Ita, MOZETI\u010c, Miran, RAVNIKAR, Maja, \u017dEL, Jana. Cold atmospheric plasma for inactivation of plant viruses. In: KLJUN, Jakob (ed.), GABER, Alja\u017e (ed.).\u00a0<i>Book of abstracts<\/i>. Scientific Conference for Young Researchers, 19. 9. 2017. Ljubljana: Fakulteta za kemijo in kemijsko tehnologijo, 2017. Str. 17, ilustr. ISBN 978-961-6756-83-9. [COBISS.SI-ID\u00a0<a href=\"https:\/\/plus.si.cobiss.net\/opac7\/bib\/4439887?lang=en\" target=\"_blank\">4439887<\/a>]<\/li>\n<li class=\"rec\"><a name=\"15\"><\/a>FILIPI\u0106, Arijana, GUTI\u00c9RREZ-AGUIRRE, Ion, DOBNIK, David, MEHLE, Nata\u0161a, PRIMC, Gregor, MOZETI\u010c, Miran, KOSEL, Janez, DULAR, Matev\u017e, RAVNIKAR, Maja, \u017dEL, Jana. Nove ne-kemi\u010dne metode za eliminacijo virusov. In: VODOVNIK, Ma\u0161a (ed.), KU\u0160AR, Darja (ed.), MARIN\u0160EK-LOGAR, Romana (ed.).\u00a0<i>Knjiga povzetkov<\/i>. 7. kongres Slovenskega mikrobiolo\u0161kega dru\u0161tva, 20.-22. september 2017, Bled, Slovenija. Ljubljana: Slovensko mikrobiolo\u0161ko dru\u0161tvo, 2017. Str. 63. ISBN 978-961-90346-6-8. [COBISS.SI-ID\u00a0<a href=\"https:\/\/plus.si.cobiss.net\/opac7\/bib\/4437327?lang=en\" target=\"_blank\">4437327<\/a>]<\/li>\n<li class=\"rec\"><a name=\"16\"><\/a>FILIPI\u0106, Arijana, DOBNIK, David, MEHLE, Nata\u0161a, PRIMC, Gregor, MOZETI\u010c, Miran, JUNKAR, Ita, RAVNIKAR, Maja, \u017dEL, Jana. Potential use of atmospheric plasma in agriculture. In: MILO\u0160EVI\u0106, Slobodan (ed.), KRSTULOVI\u0106, Nik\u0161a (ed.).\u00a0<i>Scientific program &amp; book of abstracts<\/i>. 7th Central European Symposium on Plasma Chemistry, 3rd to 7th September 2017, Sveti Martin na Muri, Croatia. Zagreb: Institute of Physics, 2017. Str. 94. ISBN 978-953-7666-16-3. [COBISS.SI-ID\u00a0<a href=\"https:\/\/plus.si.cobiss.net\/opac7\/bib\/4450639?lang=en\" target=\"_blank\">4450639<\/a>]<\/li>\n<\/ul>\n<div class=\"rec\"><\/div>\n<h3><\/h3>\n<p>&nbsp;<\/p>\n<p>&nbsp;<\/p>\n<hr \/>\n<h3>MONOGRAPHS AND OTHER COMPLETED WORKS<\/h3>\n<p>&nbsp;<\/p>\n<h3><\/h3>\n<h4>2.19 Radio or television broadcast<\/h4>\n<ul>\n<li>HVALC, Luka, RATEJ, Maja, CEVZAR, Mi\u0161el (discussant), GOR\u0160AK, Tanja (discussant), LEBAN, Ivan (discussant), STEPI\u0160NIK PERDIH, Tadej (discussant), FILIPI\u0106, Arijana (discussant), \u0160MUC, Andrej (discussant).\u00a0<i>Reporta\u017ea: Znanstveni slam 2018<\/i>. Ljubljana: Radiotelevizija Slovenija javni zavod, Val 202, 2018. Frekvenca X.\u00a0<a href=\"https:\/\/val202.rtvslo.si\/2018\/11\/frekvenca-x-133\/\" target=\"_blank\">https:\/\/val202.rtvslo.si\/2018\/11\/frekvenca-x-133\/<\/a>. [COBISS.SI-ID\u00a0<a href=\"https:\/\/plus.si.cobiss.net\/opac7\/bib\/4902735?lang=en\" target=\"_blank\">4902735<\/a>]<\/li>\n<li class=\"rec\"><a name=\"18\"><\/a>JUTER\u0160EK, Mojca, GOR\u0160AK, Tanja, GER\u0160AK, Gregor, MIRTI\u010c, Janja, FILIPI\u0106, Arijana, CEVZAR, Mi\u0161el, GORNIK, Tja\u0161a, LEBAN, Ivan, STEPI\u0160NIK PERDIH, Tadej, \u0160MUC, Andrej.\u00a0<i>Znanstveni slam 2018<\/i>.\u00a0<a href=\"http:\/\/videolectures.net\/znanostnacesti_znanstveni_slam_2018\/?fbclid=IwAR1sYWm6F9DFroOXfbjM1BS0vCIlINAR_hY7bhGfFj8H-VQGmAo19XYmugI\" target=\"_blank\">http:\/\/videolectures.net\/znanostnacesti_znanstveni_slam_2018\/?fbclid=IwAR1sYWm6F9DFroOXfbjM1BS0vCIlINAR_hY7bhGfFj8H-VQGmAo19XYmugI<\/a>,\u00a0<a href=\"http:\/\/videolectures.net\/janja_mirtic\/\" target=\"_blank\">http:\/\/videolectures.net\/janja_mirtic\/<\/a>. [COBISS.SI-ID\u00a0<a href=\"https:\/\/plus.si.cobiss.net\/opac7\/bib\/4644977?lang=en\" target=\"_blank\">4644977<\/a>]<\/li>\n<\/ul>\n<div class=\"rec\"><\/div>\n<h3><\/h3>\n<p>&nbsp;<\/p>\n<h4>2.23 Patent application<\/h4>\n<ul>\n<li>PRIMC, Gregor, MOZETI\u010c, Miran, ZAPLOTNIK, Rok, VESEL, Alenka, RAVNIKAR, Maja, \u017dEL, Jana, MEHLE, Nata\u0161a, GUTI\u00c9RREZ-AGUIRRE, Ion, FILIPI\u0106, Arijana, DOBNIK, David.\u00a0<i>Method for deactivation of a virus in water : patent application number 1821107.8<\/i>. London: Intellectual Property Office, 2018. 28 str., ilustr. [COBISS.SI-ID\u00a0<a href=\"https:\/\/plus.si.cobiss.net\/opac7\/bib\/4955215?lang=en\" target=\"_blank\">4955215<\/a>]<\/li>\n<\/ul>\n<div class=\"rec\"><\/div>\n<h3><\/h3>\n<p>&nbsp;<\/p>\n<hr \/>\n<h3>PERFORMED WORKS (EVENTS)<\/h3>\n<p>&nbsp;<\/p>\n<h3><\/h3>\n<h4>3.12 Exhibition<\/h4>\n<ul>\n<li>VUJINOVI\u0106 KU\u0160EJ, Tatjana, FILIPI\u0106, Arijana, PRIMC, Gregor, PETROVI\u0106, Zoran Lj.\u00a0<i>Fontana : installation (3D prints, steel, water, glassware, custom-made atmospheric pressure plasma generating device, Argon, custom-made ultrasonic air humidifier), 11. &#8211; 29. 6. 2019, Ljubljana<\/i>. [COBISS.SI-ID\u00a0<a href=\"https:\/\/plus.si.cobiss.net\/opac7\/bib\/5139279?lang=en\" target=\"_blank\">5139279<\/a>]<\/li>\n<li class=\"rec\"><a name=\"21\"><\/a>VUJINOVI\u0106 KU\u0160EJ, Tatjana, PODPE\u010cAN, Vid, KU\u0160EJ VUJINOVI\u0106, Jan, BOC, Ana Gaja, BERTONCELJ \u010cADE\u017d, Sara, FILIPI\u0106, Arijana, PRIMC, Gregor, SUHADOLNIK, Luka, KOBLAR, Maja, KRPI\u010c, Gregor, SNYDER, Derek, ANDRULONIS, Dariusz, BEVC, Roman.\u00a0<i>MetaVrt Sfera2 : razstava v galeriji Lo\u017ea Koper, 23. avgust &#8211; 20. oktober 2019<\/i>. [COBISS.SI-ID\u00a0<a href=\"https:\/\/plus.si.cobiss.net\/opac7\/bib\/5153615?lang=en\" target=\"_blank\">5153615<\/a>]<\/li>\n<\/ul>\n<h3><\/h3>\n<p>&nbsp;<\/p>\n<h4>3.25 Other performed works<\/h4>\n<ul>\n<li>BAKOS, Vince, FILIPI\u0106, Arijana.\u00a0<i>How to present : 11th Eastern European Young Water Professionals Conference, 1-5 October 2019, Prague, Czech Republic<\/i>. [COBISS.SI-ID\u00a0<a href=\"https:\/\/plus.si.cobiss.net\/opac7\/bib\/5190479?lang=en\" target=\"_blank\">5190479<\/a>]<\/li>\n<li class=\"rec\"><a name=\"24\"><\/a>FILIPI\u0106, Arijana.\u00a0<i>Plazma, moderna \u010distilka : prispevek na Znastvenem slamu 2018, Atrij ZRC, Ljubljana, 19. 11. 2018<\/i>. [COBISS.SI-ID\u00a0<a href=\"https:\/\/plus.si.cobiss.net\/opac7\/bib\/4896335?lang=en\" target=\"_blank\">4896335<\/a>]<br \/>\naward: Druga nagrada na Znanstvenem slamu 2018<\/li>\n<li class=\"rec\"><a name=\"25\"><\/a>FILIPI\u0106, Arijana.\u00a0<i>Problem: \u010dista voda. Re\u0161itev: \u010detrto agregatno stanje? : Znanstveni ekspreso, EU koti\u010dek, Ljubljana, 28. 9. 2018<\/i>. [COBISS.SI-ID\u00a0<a href=\"https:\/\/plus.si.cobiss.net\/opac7\/bib\/4834895?lang=en\" target=\"_blank\">4834895<\/a>]<\/li>\n<\/ul>\n<div class=\"rec\"><\/div>\n<p>&nbsp;<\/p>\n<p><em>\u00a0<\/em><\/p>\n<p>&nbsp;<\/p>\n","protected":false},"excerpt":{"rendered":"<p>Publications resulting from the project: ARTICLES AND OTHER COMPONENT PARTS &nbsp; 1.01 Original scientific article FILIPI\u0106, Arijana, PRIMC, Gregor, ZAPLOTNIK, Rok, MEHLE, Nata\u0161a, GUTI\u00c9RREZ-AGUIRRE, Ion, RAVNIKAR, Maja, MOZETI\u010c, Miran, \u017dEL, Jana, DOBNIK, David. Cold atmospheric plasma as a novel method for inactivation of potato virus Y in water samples.\u00a0Food and environmental virology. 2019, vol. 11, [&hellip;]<\/p>\n","protected":false},"author":3,"featured_media":0,"parent":0,"menu_order":0,"comment_status":"closed","ping_status":"closed","template":"page-fullwidth.php","meta":{"jetpack_post_was_ever_published":false,"footnotes":""},"class_list":["post-30","page","type-page","status-publish","hentry"],"jetpack_sharing_enabled":true,"jetpack_shortlink":"https:\/\/wp.me\/PapyIn-u","jetpack-related-posts":[],"_links":{"self":[{"href":"https:\/\/projects.nib.si\/virout\/wp-json\/wp\/v2\/pages\/30","targetHints":{"allow":["GET"]}}],"collection":[{"href":"https:\/\/projects.nib.si\/virout\/wp-json\/wp\/v2\/pages"}],"about":[{"href":"https:\/\/projects.nib.si\/virout\/wp-json\/wp\/v2\/types\/page"}],"author":[{"embeddable":true,"href":"https:\/\/projects.nib.si\/virout\/wp-json\/wp\/v2\/users\/3"}],"replies":[{"embeddable":true,"href":"https:\/\/projects.nib.si\/virout\/wp-json\/wp\/v2\/comments?post=30"}],"version-history":[{"count":10,"href":"https:\/\/projects.nib.si\/virout\/wp-json\/wp\/v2\/pages\/30\/revisions"}],"predecessor-version":[{"id":217,"href":"https:\/\/projects.nib.si\/virout\/wp-json\/wp\/v2\/pages\/30\/revisions\/217"}],"wp:attachment":[{"href":"https:\/\/projects.nib.si\/virout\/wp-json\/wp\/v2\/media?parent=30"}],"curies":[{"name":"wp","href":"https:\/\/api.w.org\/{rel}","templated":true}]}}