{"id":40,"date":"2016-04-05T22:31:14","date_gmt":"2016-04-05T22:31:14","guid":{"rendered":"http:\/\/projects.nib.si\/xylvecsi\/?page_id=40"},"modified":"2022-10-08T22:20:42","modified_gmt":"2022-10-08T21:20:42","slug":"short-description","status":"publish","type":"page","link":"https:\/\/projects.nib.si\/xylvecsi\/","title":{"rendered":"Na kratko o projektu"},"content":{"rendered":"<p>Projekt XylVec je potekal v okviru ciljnih raziskovalnih programov ARRS &#8211; Javne agencije za raziskovalno dejavnost Republike Slovenije, ki ga podpira tudi Ministrstvo za kmetijstvo, gozdarstvo in prehrano.<\/p>\n<p>Projekt je bil namenjen zbiranju znanj, ki so nujna za hitro obvladovanje bolezni \u010de se ta pojavi v Sloveniji ter dologoro\u010dnim, ter podpornim aktivnostim. <a href=\"http:\/\/projects.nib.si\/xylvecsi\/summary\/\">Ve\u010d&#8230;<\/a><\/p>\n<p>\u0160ifra projekta: V4-1603<br \/>\nTrajanje:\u00a01.10.2016 &#8211; 30.9.2019<\/p>\n<p><a href=\"https:\/\/www.arrs.gov.si\/en\/index.asp\" rel=\"attachment wp-att-239\"><img data-recalc-dims=\"1\" loading=\"lazy\" decoding=\"async\" data-attachment-id=\"239\" data-permalink=\"https:\/\/projects.nib.si\/xylvecsi\/cropped-logoxylvec-jpg\/\" data-orig-file=\"https:\/\/i0.wp.com\/projects.nib.si\/xylvecsi\/wp-content\/uploads\/sites\/12\/2017\/03\/cropped-LogoXylVec.jpg?fit=512%2C512&amp;ssl=1\" data-orig-size=\"512,512\" data-comments-opened=\"1\" data-image-meta=\"{&quot;aperture&quot;:&quot;0&quot;,&quot;credit&quot;:&quot;Tanja Dreo&quot;,&quot;camera&quot;:&quot;&quot;,&quot;caption&quot;:&quot;&quot;,&quot;created_timestamp&quot;:&quot;1474898013&quot;,&quot;copyright&quot;:&quot;&quot;,&quot;focal_length&quot;:&quot;0&quot;,&quot;iso&quot;:&quot;0&quot;,&quot;shutter_speed&quot;:&quot;0&quot;,&quot;title&quot;:&quot;&quot;,&quot;orientation&quot;:&quot;0&quot;}\" data-image-title=\"cropped-LogoXylVec.jpg\" data-image-description=\"&lt;p&gt;http:\/\/projects.nib.si\/xylvecsi\/wp-content\/uploads\/sites\/12\/2017\/03\/cropped-LogoXylVec.jpg&lt;\/p&gt;\n\" data-image-caption=\"\" data-large-file=\"https:\/\/i0.wp.com\/projects.nib.si\/xylvecsi\/wp-content\/uploads\/sites\/12\/2017\/03\/cropped-LogoXylVec.jpg?fit=512%2C512&amp;ssl=1\" class=\"alignleft size-full wp-image-239\" src=\"https:\/\/i0.wp.com\/projects.nib.si\/rnainval\/wp-content\/uploads\/sites\/4\/2016\/04\/arrs-logo-en.gif?resize=322%2C92\" alt=\"arrs-logo-en\" width=\"322\" height=\"92\" \/><\/a><\/p>\n","protected":false},"excerpt":{"rendered":"<p>Projekt XylVec je potekal v okviru ciljnih raziskovalnih programov ARRS &#8211; Javne agencije za raziskovalno dejavnost Republike Slovenije, ki ga podpira tudi Ministrstvo za kmetijstvo, gozdarstvo in prehrano. Projekt je bil namenjen zbiranju znanj, ki so nujna za hitro obvladovanje bolezni \u010de se ta pojavi v Sloveniji ter dologoro\u010dnim, ter podpornim aktivnostim. Ve\u010d&#8230; \u0160ifra projekta: [&hellip;]<\/p>\n","protected":false},"author":3,"featured_media":0,"parent":0,"menu_order":1,"comment_status":"closed","ping_status":"closed","template":"","meta":{"footnotes":""},"class_list":["post-40","page","type-page","status-publish","hentry"],"jetpack_sharing_enabled":true,"jetpack_shortlink":"https:\/\/wp.me\/P7OqMV-E","jetpack-related-posts":[],"_links":{"self":[{"href":"https:\/\/projects.nib.si\/xylvecsi\/wp-json\/wp\/v2\/pages\/40","targetHints":{"allow":["GET"]}}],"collection":[{"href":"https:\/\/projects.nib.si\/xylvecsi\/wp-json\/wp\/v2\/pages"}],"about":[{"href":"https:\/\/projects.nib.si\/xylvecsi\/wp-json\/wp\/v2\/types\/page"}],"author":[{"embeddable":true,"href":"https:\/\/projects.nib.si\/xylvecsi\/wp-json\/wp\/v2\/users\/3"}],"replies":[{"embeddable":true,"href":"https:\/\/projects.nib.si\/xylvecsi\/wp-json\/wp\/v2\/comments?post=40"}],"version-history":[{"count":21,"href":"https:\/\/projects.nib.si\/xylvecsi\/wp-json\/wp\/v2\/pages\/40\/revisions"}],"predecessor-version":[{"id":336,"href":"https:\/\/projects.nib.si\/xylvecsi\/wp-json\/wp\/v2\/pages\/40\/revisions\/336"}],"wp:attachment":[{"href":"https:\/\/projects.nib.si\/xylvecsi\/wp-json\/wp\/v2\/media?parent=40"}],"curies":[{"name":"wp","href":"https:\/\/api.w.org\/{rel}","templated":true}]}}